{"id":829,"date":"2020-07-23T21:06:31","date_gmt":"2020-07-23T21:06:31","guid":{"rendered":"https:\/\/cookingcircle.com\/?page_id=829"},"modified":"2022-03-18T12:01:09","modified_gmt":"2022-03-18T11:01:09","slug":"about","status":"publish","type":"page","link":"https:\/\/ninjatestkitchen.eu\/de\/about\/","title":{"rendered":"\u00dcber Cooking Circle"},"content":{"rendered":"<p>Willkommen bei Cooking Circle, einer zentralen Anlaufstelle f\u00fcr alle Ihre Rezeptw\u00fcnsche<\/p>\n<p>Ganz gleich, ob Sie auf der Suche nach einer schnellen Mahlzeit f\u00fcr einen Wochentag oder nach etwas Besonderem sind, mit dem Sie Ihre G\u00e4ste beeindrucken k\u00f6nnen: Mit unseren leicht nachzukochenden Rezepten k\u00f6nnen Sie zu Hause k\u00f6stliche Mahlzeiten, Snacks und Getr\u00e4nke zubereiten &#8211; unabh\u00e4ngig von Ihrer Erfahrung oder Ihrer Selbstsicherheit in der K\u00fcche<\/p>\n<p>Cooking Circle ist Teil der Ninja Kitchen Familie Wir bei Ninja haben es uns zur Aufgabe gemacht, k\u00f6stliche Gerichte zu Hause schnell und einfach zuzubereiten Ob durch das Teilen von leckeren Rezepten auf Cooking Circle oder die Entwicklung innovativer Ninja Kitchen Produkte, wir wollen Ihr K\u00fcchenleben verbessern und vereinfachen<\/p>\n<p>Beim Kochen geht es um mehr als nur um Essen &#8211; es bringt Menschen zusammen Deshalb tun wir unser Bestes, um saisonale Zutaten zu f\u00f6rdern, Rezeptinspirationen aus aller Welt vorzustellen und das Kochen mit der ganzen Familie zu unterst\u00fctzen<\/p>\n<p>Hier finden Sie etwas f\u00fcr jeden Haushalt und jede Ern\u00e4hrungsweise, darunter Rezepte, die auch mit Kindern Spa\u00df machen, vegetarische und vegane Rezepte, gluten- und milchfreie Rezepte, Backrezepte und vieles mehr<\/p>\n","protected":false},"excerpt":{"rendered":"<p>Willkommen bei Cooking Circle, einer zentralen Anlaufstelle f\u00fcr alle Ihre Rezeptw\u00fcnsche Ganz gleich, ob Sie auf der Suche nach einer&#8230;<\/p>\n","protected":false},"author":2,"featured_media":0,"parent":0,"menu_order":0,"comment_status":"closed","ping_status":"closed","template":"","meta":{"_acf_changed":false,"_seopress_robots_primary_cat":"","_seopress_titles_title":"","_seopress_titles_desc":"","_seopress_robots_index":"","footnotes":""},"class_list":["post-829","page","type-page","status-publish","hentry"],"acf":[],"_links":{"self":[{"href":"https:\/\/ninjatestkitchen.eu\/de\/wp-json\/wp\/v2\/pages\/829","targetHints":{"allow":["GET"]}}],"collection":[{"href":"https:\/\/ninjatestkitchen.eu\/de\/wp-json\/wp\/v2\/pages"}],"about":[{"href":"https:\/\/ninjatestkitchen.eu\/de\/wp-json\/wp\/v2\/types\/page"}],"author":[{"embeddable":true,"href":"https:\/\/ninjatestkitchen.eu\/de\/wp-json\/wp\/v2\/users\/2"}],"replies":[{"embeddable":true,"href":"https:\/\/ninjatestkitchen.eu\/de\/wp-json\/wp\/v2\/comments?post=829"}],"version-history":[{"count":3,"href":"https:\/\/ninjatestkitchen.eu\/de\/wp-json\/wp\/v2\/pages\/829\/revisions"}],"predecessor-version":[{"id":6431,"href":"https:\/\/ninjatestkitchen.eu\/de\/wp-json\/wp\/v2\/pages\/829\/revisions\/6431"}],"wp:attachment":[{"href":"https:\/\/ninjatestkitchen.eu\/de\/wp-json\/wp\/v2\/media?parent=829"}],"curies":[{"name":"wp","href":"https:\/\/api.w.org\/{rel}","templated":true}]}}