{"id":832,"date":"2020-07-23T21:08:09","date_gmt":"2020-07-23T21:08:09","guid":{"rendered":"https:\/\/cookingcircle.com\/?page_id=832"},"modified":"2022-03-18T12:01:09","modified_gmt":"2022-03-18T11:01:09","slug":"terms-of-use","status":"publish","type":"page","link":"https:\/\/ninjatestkitchen.eu\/de\/terms-of-use\/","title":{"rendered":"Nutzungsbedingungen"},"content":{"rendered":"<h3>1. Introduction<\/h3>\n<ul>\n<li>These terms of use govern your use of our website; by using our website, you accept these terms of use in full. Wenn Sie mit diesen Nutzungsbedingungen oder einem Teil dieser Nutzungsbedingungen nicht einverstanden sind, d\u00fcrfen Sie unsere Website nicht nutzen.<\/li>\n<li>Wenn Sie sich auf unserer Website registrieren, werden wir Sie bitten, diesen Nutzungsbedingungen ausdr\u00fccklich zuzustimmen.<\/li>\n<li>Unsere Website verwendet Cookies. By using our website and agreeing to these terms of use, you consent to our use of cookies in accordance with the terms of ourprivacy notice.<\/li>\n<\/ul>\n<h3>2. Our details<\/h3>\n<ul>\n<li>Cooking Circle is a website operated by SharkNinja Europe Ltd. Wir sind in England und Wales unter der Firmennummer 08492819 registriert und haben unseren eingetragenen Sitz und unsere Hauptgesch\u00e4ftsadresse in 3150 Century Way, Leeds, LS15 8ZB. Unsere Mehrwertsteuernummer lautet 210 6248 50.<\/li>\n<li>Um uns zu kontaktieren, rufen Sie bitte unseren Kundendienst unter 0800 862 0453 an.<\/li>\n<\/ul>\n<h3>3. Other terms that may apply to you<\/h3>\n<ul>\n<li>These terms of use refer to the following additional terms, which also apply to your use of our website:\n<ul>\n<li>Our Privacy and Cookie Policy<\/li>\n<\/ul>\n<\/li>\n<\/ul>\n<h3>4. Licence to use website<\/h3>\n<ul>\n<li>Unless otherwise stated, we or our licensors own the intellectual property rights in the website and material on the website. Diese Werke sind durch Urheberrechtsgesetze und -vertr\u00e4ge auf der ganzen Welt gesch\u00fctzt. Vorbehaltlich der nachstehenden Lizenz sind alle diese Rechte an geistigem Eigentum vorbehalten.<\/li>\n<li>Sie d\u00fcrfen Seiten oder PDF-Dateien von der Website f\u00fcr Ihren pers\u00f6nlichen, nicht-kommerziellen Gebrauch ansehen, herunterladen und ausdrucken, vorbehaltlich der nachstehend und an anderer Stelle in diesen Nutzungsbedingungen aufgef\u00fchrten Einschr\u00e4nkungen.<\/li>\n<li>You must not:\n<ul>\n<li>republish material from this website (including republication on another website);<\/li>\n<li>sell, rent or sub-license material from the website;<\/li>\n<li>show any material from the website in public;<\/li>\n<li>reproduce, duplicate, copy or otherwise exploit material on our website for a commercial purpose;<\/li>\n<li>edit or otherwise modify any material on the website;<\/li>\n<li>modify the paper or digital copies of any materials you have printed off or downloaded in any way, and you must not use any illustrations, photographs, video or audio sequences or any graphics separately from any accompanying text; or<\/li>\n<li>redistribute material from this website except for content specifically and expressly made available for redistribution (such as our newsletter).<\/li>\n<\/ul>\n<\/li>\n<\/ul>\n<h3>5. Acceptable use<\/h3>\n<ul>\n<li>You must not use our website in any way that causes, or may cause, damage to the website or impairment of the availability or accessibility of the website; or in any way which is unlawful, illegal, fraudulent or harmful, or in connection with any unlawful, illegal, fraudulent or harmful purpose or activity.<\/li>\n<li>Sie d\u00fcrfen unsere Website nicht nutzen, um Material zu kopieren, zu speichern, zu hosten, zu \u00fcbertragen, zu senden, zu verwenden, zu ver\u00f6ffentlichen oder zu verteilen, das aus Spyware, Computerviren, Trojanern, W\u00fcrmern, Keystroke-Loggern, Rootkits oder anderer b\u00f6sartiger Computersoftware besteht (oder damit verbunden ist).<\/li>\n<li>Sie d\u00fcrfen ohne unsere ausdr\u00fcckliche schriftliche Zustimmung keine systematischen oder automatisierten Datenerfassungsaktivit\u00e4ten (einschlie\u00dflich, aber nicht beschr\u00e4nkt auf Scraping, Data Mining, Datenextraktion und Data Harvesting) auf oder in Bezug auf unsere Website durchf\u00fchren.<\/li>\n<\/ul>\n<h3>6. Linking to our site<\/h3>\n<ul>\n<li>You may link to our home page, provided you do so in a way that is fair and legal and does not damage our reputation or take advantage of it.<\/li>\n<li>Sie d\u00fcrfen einen Link nicht in einer Weise einrichten, die den Eindruck erweckt, dass wir in irgendeiner Form mit Ihnen in Verbindung stehen, Ihnen zustimmen oder Sie unterst\u00fctzen, obwohl dies nicht der Fall ist.<\/li>\n<li>Sie d\u00fcrfen keinen Link zu unserer Website auf einer Website einrichten, die nicht Ihr Eigentum ist.<\/li>\n<li>Unsere Website darf nicht in eine andere Website eingebettet werden, noch d\u00fcrfen Sie einen Link zu einem anderen Teil unserer Website als der Startseite erstellen.<\/li>\n<li>Wir behalten uns das Recht vor, die Erlaubnis zur Verkn\u00fcpfung ohne Vorank\u00fcndigung zur\u00fcckzuziehen.<\/li>\n<li>Wenn Sie den Inhalt unserer Website in anderer Weise als oben beschrieben nutzen m\u00f6chten, wenden Sie sich bitte an unser Kundendienstteam unter 0800 8620453.<\/li>\n<\/ul>\n<h3>7. How we may use your personal information<\/h3>\n<ul>\n<li>We will only use your personal information as set out in ourPrivacyandCookiePolicy.<\/li>\n<\/ul>\n<h3>8. Limited warranties<\/h3>\n<ul>\n<li>Whilst we endeavour to ensure that the information on this website is correct, we do not warrant its completeness or accuracy; nor do we commit to ensuring that the website remains available or that the material on the website is kept up-to-date.<\/li>\n<li>Der Inhalt unserer Website dient nur der allgemeinen Information. Es handelt sich nicht um eine Beratung, auf die Sie sich verlassen sollten. Sie m\u00fcssen professionellen oder fachlichen Rat einholen, bevor Sie auf der Grundlage des Inhalts unserer Website Ma\u00dfnahmen ergreifen oder davon absehen.<\/li>\n<li>Im gr\u00f6\u00dftm\u00f6glichen, gesetzlich zul\u00e4ssigen Umfang schlie\u00dfen wir alle Zusicherungen, Garantien und Bedingungen in Bezug auf diese Website und die Nutzung dieser Website aus (einschlie\u00dflich, aber nicht beschr\u00e4nkt auf gesetzlich implizierte Garantien f\u00fcr zufriedenstellende Qualit\u00e4t, Eignung f\u00fcr einen bestimmten Zweck und\/oder die Anwendung angemessener Sorgfalt und Fachkenntnis).<\/li>\n<\/ul>\n<h3>9. We are not responsible for websites we link to<\/h3>\n<ul>\n<li>Where our website contains links to other sites and resources provided by third parties, these links are provided for your information only. Solche Links sind nicht als unsere Zustimmung zu den verlinkten Websites oder den Informationen, die Sie von diesen erhalten, zu verstehen.<\/li>\n<li>Wir haben keine Kontrolle \u00fcber den Inhalt dieser Seiten oder Ressourcen.<\/li>\n<\/ul>\n<h3>10. Limitations and exclusions of liability<\/h3>\n<ul>\n<li>Nothing in these terms of use will: (a) limit or exclude our or your liability for death or personal injury resulting from negligence; (b) limit or exclude our or your liability for fraud or fraudulent misrepresentation; (c) limit any of our or your liabilities in any way that is not permitted under applicable law; or (d) exclude any of our or your liabilities that may not be excluded under applicable law. Wenn Sie ein Verbraucher sind, werden Ihre gesetzlichen Rechte, die nicht ausgeschlossen oder eingeschr\u00e4nkt werden k\u00f6nnen, von diesen Nutzungsbedingungen nicht ber\u00fchrt.<\/li>\n<li>F\u00fcr die Haftung, die sich aus der Lieferung von Produkten an Sie ergibt, gelten andere Haftungsbeschr\u00e4nkungen und -ausschl\u00fcsse, die in unseren Verkaufsbedingungen dargelegt werden [below].<\/li>\n<li>Die in diesem Abschnitt und an anderer Stelle dieser Nutzungsbedingungen dargelegten Haftungsbeschr\u00e4nkungen und -ausschl\u00fcsse: (a) unterliegen dem vorstehenden Absatz; und (b) regeln alle Haftungen, die sich aus den Nutzungsbedingungen oder in Bezug auf den Gegenstand der Nutzungsbedingungen ergeben, einschlie\u00dflich der Haftungen, die sich aus Vertr\u00e4gen, unerlaubten Handlungen (einschlie\u00dflich Fahrl\u00e4ssigkeit) und aus der Verletzung gesetzlicher Pflichten ergeben.<\/li>\n<li>Soweit gesetzlich zul\u00e4ssig, schlie\u00dfen wir alle ausdr\u00fccklichen oder stillschweigenden Bedingungen, Garantien, Zusicherungen oder sonstigen Bestimmungen aus, die f\u00fcr unsere Website oder deren Inhalte gelten.<\/li>\n<li>We will not be liable to any user for any loss or damage, whether in contract, tort (including negligence), breach of statutory duty, or otherwise, even if foreseeable, arising under or in connection with:\n<ul>\n<li>use of, or inability to use, our website; or<\/li>\n<li>use of or reliance on any content displayed on our website.<\/li>\n<\/ul>\n<\/li>\n<li>If you are a business user, please note that in particular, we will not be liable for:\n<ul>\n<li>loss of profits, sales, business, or revenue;<\/li>\n<li>business interruption;<\/li>\n<li>loss of anticipated savings;<\/li>\n<li>loss of business opportunity, goodwill or reputation; or<\/li>\n<li>any indirect or consequential loss or damage.<\/li>\n<\/ul>\n<\/li>\n<li>Wenn Sie ein Verbraucher sind, beachten Sie bitte, dass wir unsere Website nur f\u00fcr den h\u00e4uslichen und privaten Gebrauch bereitstellen. Sie erkl\u00e4ren sich damit einverstanden, unsere Website nicht f\u00fcr kommerzielle oder gesch\u00e4ftliche Zwecke zu nutzen, und wir haften Ihnen gegen\u00fcber nicht f\u00fcr entgangenen Gewinn, Gesch\u00e4ftsverluste, Gesch\u00e4ftsunterbrechungen oder den Verlust von Gesch\u00e4ftsm\u00f6glichkeiten.<\/li>\n<li>Wir haften nicht f\u00fcr Verluste oder Sch\u00e4den, die durch einen Virus, eine Distributed-Denial-of-Service-Attacke oder sonstiges technologisch sch\u00e4dliches Material verursacht werden, das Ihre Computerausr\u00fcstung, Computerprogramme, Daten oder sonstiges urheberrechtlich gesch\u00fctztes Material aufgrund der Nutzung unserer Website oder des Herunterladens von Inhalten von dieser oder einer mit ihr verlinkten Website infizieren kann.<\/li>\n<li>Wir \u00fcbernehmen keine Verantwortung f\u00fcr den Inhalt der auf unserer Seite verlinkten Webseiten. Solche Links sollten nicht als Billigung der verlinkten Websites durch uns ausgelegt werden. Wir haften nicht f\u00fcr Verluste oder Sch\u00e4den, die sich aus Ihrer Nutzung ergeben k\u00f6nnten.<\/li>\n<li>Sie sind daf\u00fcr verantwortlich, Ihr Passwort und andere Anmeldedaten geheim zu halten. Wir haften Ihnen gegen\u00fcber nicht f\u00fcr Verluste, die sich daraus ergeben, dass Sie diese Angaben nicht vertraulich behandeln.<\/li>\n<li>Wir sind nicht verantwortlich oder haftbar gegen\u00fcber Dritten f\u00fcr den Inhalt oder die Richtigkeit von Inhalten, die von Ihnen oder anderen Nutzern unserer Website ver\u00f6ffentlicht werden.<\/li>\n<\/ul>\n<h3>11. Viruses<\/h3>\n<ul>\n<li>We do not guarantee that our site will be secure or free from bugs or viruses.<\/li>\n<li>Sie sind f\u00fcr die Konfiguration Ihrer Informationstechnologie, Computerprogramme und Plattform verantwortlich, um auf unsere Website zugreifen zu k\u00f6nnen. Sie sollten Ihre eigene Virenschutzsoftware verwenden.<\/li>\n<\/ul>\n<h3>12. Indemnity<\/h3>\n<ul>\n<li>You hereby indemnify us and undertake to keep us indemnified against any losses, damages, costs, liabilities and expenses (including without limitation legal expenses and any amounts paid by us to a third party in settlement of a claim or dispute on the advice of our legal advisers) incurred or suffered by us arising out of any breach by you of any provision of these terms of use, or arising out of any claim that you have breached any provision of these terms of use.<\/li>\n<\/ul>\n<h3>13. Breaches of these terms of use<\/h3>\n<ul>\n<li>Without prejudice to our other rights under these terms of use, if you breach these terms of use in any way, or if we reasonably suspect that you have breached these terms of use in any way, we may:\n<ul>\n<li>send you one or more formal warnings;<\/li>\n<li>temporarily suspend your access to the website;<\/li>\n<li>permanently prohibit you from accessing the website;<\/li>\n<li>block computers using your IP address from accessing the website;<\/li>\n<li>contact your internet services provider and request that they block your access to the website;<\/li>\n<li>bring court proceedings against you for breach of contract or otherwise; and\/or<\/li>\n<li>suspend and\/or delete your account with the website.<\/li>\n<\/ul>\n<\/li>\n<\/ul>\n<h3>14. Variation<\/h3>\n<ul>\n<li>We may revise these terms of use from time-to-time. Die \u00fcberarbeiteten Nutzungsbedingungen gelten f\u00fcr die Nutzung unserer Website ab dem Datum der Ver\u00f6ffentlichung der \u00fcberarbeiteten Nutzungsbedingungen auf unserer Website. Bitte \u00fcberpr\u00fcfen Sie diese Seite regelm\u00e4\u00dfig, um sicherzustellen, dass Sie mit der aktuellen Version vertraut sind.<\/li>\n<\/ul>\n<h3>15. Assignment<\/h3>\n<ul>\n<li>We may transfer, sub-contract or otherwise deal with our rights and\/or obligations under these terms of use without notifying you or obtaining your consent.<\/li>\n<li>Sie d\u00fcrfen Ihre Rechte und\/oder Pflichten aus diesen Nutzungsbedingungen nicht \u00fcbertragen, untervergeben oder anderweitig weitergeben.<\/li>\n<\/ul>\n<h3>16. Severability<\/h3>\n<ul>\n<li>If a provision of these terms of use is determined by any court or other competent authority to be unlawful and\/or unenforceable, the other provisions will continue in effect. Wenn eine rechtswidrige und\/oder nicht durchsetzbare Bestimmung rechtm\u00e4\u00dfig oder durchsetzbar w\u00e4re, wenn ein Teil davon gestrichen w\u00fcrde, gilt dieser Teil als gestrichen, und der Rest der Bestimmung bleibt in Kraft.<\/li>\n<\/ul>\n<h3>17. Exclusion of third party rights<\/h3>\n<ul>\n<li>These terms of use are for the benefit of you and us, and are not intended to benefit any third party or be enforceable by any third party. Die Aus\u00fcbung unserer und Ihrer Rechte in Bezug auf diese Nutzungsbedingungen ist nicht von der Zustimmung Dritter abh\u00e4ngig.<\/li>\n<\/ul>\n<h3>18. Entire agreement<\/h3>\n<ul>\n<li>These terms of use, together with our privacy notice, constitute the entire agreement between you and us in relation to your use of our website, and supersede all previous agreements in respect of your use of this website.<\/li>\n<\/ul>\n<h3>19. Law and jurisdiction<\/h3>\n<ul>\n<li>If you are a business, these terms of use will be governed by and construed in accordance with English law, and any disputes relating to these terms of use will be subject to the exclusive jurisdiction of the courts of England and Wales.<\/li>\n<li>Wenn Sie ein Verbraucher sind, beachten Sie bitte, dass diese Nutzungsbedingungen dem englischen Recht unterliegen. Wir sind uns beide einig, dass die Gerichte von England und Wales die nicht ausschlie\u00dfliche Zust\u00e4ndigkeit haben werden. Wenn Sie Ihren Wohnsitz in Schottland haben, k\u00f6nnen Sie auch in Schottland Klage erheben.<\/li>\n<\/ul>\n<h3>20. Our trademarks are registered<\/h3>\n<ul>\n<li>We own and use various trade marks registered by or licensed to this company. Es ist Ihnen nicht gestattet, diese ohne unsere schriftliche Zustimmung zu verwenden.<\/li>\n<\/ul>\n","protected":false},"excerpt":{"rendered":"<p>1. Introduction These terms of use govern your use of our website; by using our website, you accept these terms&#8230;<\/p>\n","protected":false},"author":2,"featured_media":0,"parent":0,"menu_order":0,"comment_status":"closed","ping_status":"closed","template":"","meta":{"_acf_changed":false,"_seopress_robots_primary_cat":"","_seopress_titles_title":"","_seopress_titles_desc":"","_seopress_robots_index":"","footnotes":""},"class_list":["post-832","page","type-page","status-publish","hentry"],"acf":[],"_links":{"self":[{"href":"https:\/\/ninjatestkitchen.eu\/de\/wp-json\/wp\/v2\/pages\/832","targetHints":{"allow":["GET"]}}],"collection":[{"href":"https:\/\/ninjatestkitchen.eu\/de\/wp-json\/wp\/v2\/pages"}],"about":[{"href":"https:\/\/ninjatestkitchen.eu\/de\/wp-json\/wp\/v2\/types\/page"}],"author":[{"embeddable":true,"href":"https:\/\/ninjatestkitchen.eu\/de\/wp-json\/wp\/v2\/users\/2"}],"replies":[{"embeddable":true,"href":"https:\/\/ninjatestkitchen.eu\/de\/wp-json\/wp\/v2\/comments?post=832"}],"version-history":[{"count":4,"href":"https:\/\/ninjatestkitchen.eu\/de\/wp-json\/wp\/v2\/pages\/832\/revisions"}],"predecessor-version":[{"id":6443,"href":"https:\/\/ninjatestkitchen.eu\/de\/wp-json\/wp\/v2\/pages\/832\/revisions\/6443"}],"wp:attachment":[{"href":"https:\/\/ninjatestkitchen.eu\/de\/wp-json\/wp\/v2\/media?parent=832"}],"curies":[{"name":"wp","href":"https:\/\/api.w.org\/{rel}","templated":true}]}}