{"id":848,"date":"2020-07-23T21:22:09","date_gmt":"2020-07-23T21:22:09","guid":{"rendered":"https:\/\/cookingcircle.com\/?page_id=848"},"modified":"2022-03-18T12:01:09","modified_gmt":"2022-03-18T11:01:09","slug":"cookie-notice","status":"publish","type":"page","link":"https:\/\/ninjatestkitchen.eu\/de\/cookie-notice\/","title":{"rendered":"Cookie-Hinweis"},"content":{"rendered":"<p>Wir verwenden Cookies, um Ihr Kundenerlebnis durch unsere Inhalte, Werbung und Social-Media-Funktionen zu personalisieren Au\u00dferdem verwenden wir Cookies, um die Leistung unserer Website, den Datenverkehr und den Weg, den die Kunden zur\u00fcckgelegt haben, um zu unserer Website zu gelangen, zu analysieren<\/p>\n<h2>Your Privacy<\/h2>\n<p>Wenn Sie eine Website besuchen, kann diese Informationen in Ihrem Browser speichern oder abrufen, meist in Form von Cookies Diese Informationen k\u00f6nnen sich auf Sie, Ihre Vorlieben oder Ihr Ger\u00e4t beziehen und werden haupts\u00e4chlich dazu verwendet, die Website so zu gestalten, wie Sie es erwarten Mit diesen Informationen k\u00f6nnen Sie in der Regel nicht direkt identifiziert werden, aber sie k\u00f6nnen dazu beitragen, dass Sie das Internet individueller nutzen k\u00f6nnen<\/p>\n<h2>What are cookies?<\/h2>\n<p>Cookies sind Textdateien mit kleinen Informationsmengen, die von den von Ihnen besuchten Websites auf Ihrem Computer oder Mobilger\u00e4t gespeichert werden Sie werden h\u00e4ufig verwendet, damit Websites effizient funktionieren und um den Website-Besitzern aufschlussreiche Informationen zu liefern Cookies k\u00f6nnen Ihre Bewegungen auf einer Website verfolgen, sich an Ihre Pr\u00e4ferenzen erinnern, wie z B Ihre Kontoanmeldedaten oder andere benutzerdefinierte Funktionen<\/p>\n<h2>Welche Arten von Cookies verwenden wir?<\/h2>\n<h3>First Party Cookies<\/h3>\n<p>First-Party-Cookies werden auf unserer Website-Domain zur Verwendung durch SharkNinja erstellt Die durch diese Cookies gesammelten Daten sind f\u00fcr SharkNinja Zwecke<\/p>\n<h3>Third Party Cookies<\/h3>\n<p>Third party cookies are applied to our website by third-party providers that we work closely with. These cookies are mainly used to display personal advertisements and assist with analysing website behaviour. Information is collected by the third party and shared with SharkNinja. <\/p>\n<h3>Session Cookies<\/h3>\n<p>Sitzungscookies sind tempor\u00e4r und verfallen, wenn Sie Ihren Browser schlie\u00dfen oder f\u00fcr eine gewisse Zeit inaktiv sind Wir verwenden Sitzungscookies, damit Sie auf unserer Website surfen und Artikel in Ihren Warenkorb legen k\u00f6nnen, ohne dass diese verloren gehen Wir verwenden sie auch, um Betrug zu verhindern und die Sicherheit unserer Website zu erh\u00f6hen<\/p>\n<h3>Persistent Cookies<\/h3>\n<p>Dauerhafte Cookies bleiben auf Ihrem Computer gespeichert, bis sie gel\u00f6scht werden oder ein bestimmtes Verfallsdatum erreichen Wir verwenden dauerhafte Cookies, um Sie bei jedem Besuch unserer Website wiederzuerkennen und um Ihre Einstellungen zu speichern<\/p>\n<h3>Google Analytics<\/h3>\n<p>Wir nutzen Google Analytics, einen Webanalysedienst der Google LLC, 1600 Amphitheatre Parkway, Mountain View, CA 94043, USA (&#8220;Google&#8221;), um unsere Website und Ihr Kundenerlebnis kontinuierlich zu verbessern, was unsere berechtigten Interessen sind (Art 6 (1) f) GDPR)<\/p>\n<p>Google Analytics verwendet ebenfalls Cookies, die auf Ihrem Computer gespeichert werden und die eine Analyse der Benutzung der Website durch Sie erm\u00f6glichen Die durch den Cookie erzeugten Informationen \u00fcber Ihre Benutzung dieser Website werden in der Regel an einen Server von Google in Europa (oder in einem anderen Mitgliedstaat des Abkommens \u00fcber den Europ\u00e4ischen Wirtschaftsraum) \u00fcbertragen, um die IP-Adresse zu anonymisieren, so dass sie nicht auf eine bestimmte Person zur\u00fcckgef\u00fchrt werden kann Erst nach der Anonymisierung der IP-Adresse wird die gek\u00fcrzte IP-Adresse an einen Server von Google in den USA \u00fcbertragen und dort gespeichert Nur in Ausnahmef\u00e4llen wird die volle IP-Adresse an einen Server von Google in den USA \u00fcbertragen und dort gek\u00fcrzt<\/p>\n<p>Auf dieser Website wird Google Analytics mit einer Erweiterung zur anonymen Erfassung von IP-Adressen (sog IP-Masking) eingesetzt In unserem Auftrag wird Google die erhobenen Informationen benutzen, um Ihre Nutzung der Website auszuwerten, um Reports \u00fcber die Websiteaktivit\u00e4ten zusammenzustellen und um weitere mit der Websitenutzung verbundene Dienstleistungen gegen\u00fcber uns zu erbringen Die im Rahmen von Google Analytics von Ihrem Browser \u00fcbermittelte IP-Adresse wird nicht mit anderen Daten von Google zusammengef\u00fchrt<\/p>\n<p>You can prevent the storage of cookies by setting your browser software accordingly. However, we would like to point out that in this case you may not be able to use all the functions of this website to their full extent. You can also prevent the collection by Google of data generated by the cookie and related to your use of the website (including your IP address) and the processing of such data by Google by downloading and installing the browser plug-in available at the following link:http:\/\/tools.google.com\/dlpage\/gaoptout?hl=en.<\/p>\n<p>An opt-out cookie is set to prevent your data from being collected in the future when you visit this website. You can find further information on data protection at Google Analytics at; http:\/\/www.google.com\/analytics\/terms\/de.htmlhttp:\/\/www.google.com\/intl\/de\/analytics\/privacyoverview.html.<\/p>\n<h2>How do we use cookies?<\/h2>\n<h3>Strictly Necessary Cookies<\/h3>\n<p>Diese Cookies sind f\u00fcr das Funktionieren der Website erforderlich und k\u00f6nnen in unseren Systemen nicht abgeschaltet werden Sie werden in der Regel nur als Reaktion auf Ihre Handlungen gesetzt, die einer Anfrage nach Dienstleistungen gleichkommen, wie z B die Einstellung Ihrer Datenschutzeinstellungen, das Einloggen oder das Ausf\u00fcllen von Formularen Sie k\u00f6nnen Ihren Browser so einstellen, dass er diese Cookies blockiert oder Sie darauf hinweist, aber einige Teile der Website werden dann nicht funktionieren Diese Cookies speichern keine Informationen, die Sie identifizieren<\/p>\n<h3>Functional Cookies<\/h3>\n<p>Diese Cookies erm\u00f6glichen es der Website, eine verbesserte Funktionalit\u00e4t und Personalisierung zu bieten Sie k\u00f6nnen von uns oder von Drittanbietern gesetzt werden, deren Dienste wir auf unseren Seiten eingebunden haben Wenn Sie diese Cookies nicht zulassen, k\u00f6nnen einige oder alle dieser Dienste nicht richtig funktionieren<\/p>\n<h3>Performance Cookies<\/h3>\n<p>Diese Cookies erm\u00f6glichen es uns, Besuche und Verkehrsquellen zu z\u00e4hlen, so dass wir die Leistung unserer Website messen und verbessern k\u00f6nnen Sie helfen uns herauszufinden, welche Seiten am beliebtesten und welche am unbeliebtesten sind, und zu sehen, wie sich die Besucher auf der Website bewegen Alle Informationen, die diese Cookies sammeln, sind aggregiert und anonym Wenn Sie diese Cookies nicht zulassen, wissen wir nicht, wann Sie unsere Website besucht haben und k\u00f6nnen ihre Leistung nicht \u00fcberwachen<\/p>\n<h3>Targeting Cookies<\/h3>\n<p>Diese Cookies k\u00f6nnen auf unserer Website von unseren Werbepartnern gesetzt werden Sie k\u00f6nnen von diesen Unternehmen verwendet werden, um ein Profil Ihrer Interessen zu erstellen und Ihnen relevante Werbung auf anderen Websites zu zeigen Sie beruhen auf der eindeutigen Identifizierung Ihres Browsers und Ihres Internetger\u00e4ts Wenn Sie diese Cookies nicht zulassen, wird Ihnen weniger gezielte Werbung angezeigt<\/p>\n<h2>How do I change my cookie settings?<\/h2>\n<p>Um Ihre Cookie-Einstellungen auf unserer Website zu aktualisieren, klicken Sie hier<\/p>\n<p>Most web browsers allow some control of most cookies through the browser settings. To find out more about cookies, visit;http:\/\/www.allaboutcookies.org\/<\/p>\n<h2>Was passiert, wenn ich keine Cookies zulasse oder alle l\u00f6schen m\u00f6chte?<\/h2>\n<p>Wenn Sie sich entscheiden, alle Cookies zu deaktivieren oder sie aus Ihrem Browser zu l\u00f6schen, k\u00f6nnen Sie unsere Website weiterhin nutzen und Informationen \u00fcber unsere Produkte und Dienstleistungen erhalten Wir gestalten und pflegen unsere Website jedoch so, dass sie interaktiv und auf Sie zugeschnitten ist, so dass Ihre Nutzererfahrung mit uns beeintr\u00e4chtigt werden kann<\/p>\n","protected":false},"excerpt":{"rendered":"<p>Wir verwenden Cookies, um Ihr Kundenerlebnis durch unsere Inhalte, Werbung und Social-Media-Funktionen zu personalisieren Au\u00dferdem verwenden wir Cookies, um die&#8230;<\/p>\n","protected":false},"author":2,"featured_media":0,"parent":0,"menu_order":0,"comment_status":"closed","ping_status":"closed","template":"","meta":{"_acf_changed":false,"_seopress_robots_primary_cat":"","_seopress_titles_title":"","_seopress_titles_desc":"","_seopress_robots_index":"","footnotes":""},"class_list":["post-848","page","type-page","status-publish","hentry"],"acf":[],"_links":{"self":[{"href":"https:\/\/ninjatestkitchen.eu\/de\/wp-json\/wp\/v2\/pages\/848","targetHints":{"allow":["GET"]}}],"collection":[{"href":"https:\/\/ninjatestkitchen.eu\/de\/wp-json\/wp\/v2\/pages"}],"about":[{"href":"https:\/\/ninjatestkitchen.eu\/de\/wp-json\/wp\/v2\/types\/page"}],"author":[{"embeddable":true,"href":"https:\/\/ninjatestkitchen.eu\/de\/wp-json\/wp\/v2\/users\/2"}],"replies":[{"embeddable":true,"href":"https:\/\/ninjatestkitchen.eu\/de\/wp-json\/wp\/v2\/comments?post=848"}],"version-history":[{"count":8,"href":"https:\/\/ninjatestkitchen.eu\/de\/wp-json\/wp\/v2\/pages\/848\/revisions"}],"predecessor-version":[{"id":6432,"href":"https:\/\/ninjatestkitchen.eu\/de\/wp-json\/wp\/v2\/pages\/848\/revisions\/6432"}],"wp:attachment":[{"href":"https:\/\/ninjatestkitchen.eu\/de\/wp-json\/wp\/v2\/media?parent=848"}],"curies":[{"name":"wp","href":"https:\/\/api.w.org\/{rel}","templated":true}]}}