{"id":853,"date":"2020-07-23T21:25:44","date_gmt":"2020-07-23T21:25:44","guid":{"rendered":"https:\/\/cookingcircle.com\/?page_id=853"},"modified":"2022-03-18T12:01:09","modified_gmt":"2022-03-18T11:01:09","slug":"terms-of-recipe-use","status":"publish","type":"page","link":"https:\/\/ninjatestkitchen.eu\/de\/terms-of-recipe-use\/","title":{"rendered":"Bedingungen f\u00fcr die Verwendung von Rezepten"},"content":{"rendered":"<h3>Sie m\u00fcssen angemessene Vorsichtsma\u00dfnahmen ergreifen, und SharkNinja ist nicht verantwortlich, wenn Sie dies nicht tun.<\/h3>\n<p>SharkNinja stellt die Cooking Circle Website als kostenlose soziale Website zur Verf\u00fcgung, auf der Ninja-Nutzer Rezepte und Kochtipps austauschen k\u00f6nnen Sofern nicht ausdr\u00fccklich angegeben, wurden die Rezepte, Kochtipps und alle anderen Informationen oder Ratschl\u00e4ge auf der Cooking Circle Website nicht von SharkNinja bereitgestellt oder getestet Obwohl wir angemessene Schritte unternehmen, um offensichtlich fehlerhafte Ratschl\u00e4ge oder Rezepte zu entfernen, sind Sie daf\u00fcr verantwortlich, dass Sie die \u00fcblichen Vorsichtsma\u00dfnahmen ergreifen und Ihr eigenes Urteilsverm\u00f6gen in Bezug auf die auf der Website erscheinenden Rezepte und Kochtipps anwenden Dazu geh\u00f6rt, dass Sie sich vergewissern, dass die Zutaten f\u00fcr Sie und alle Personen, denen Sie sie zum Verzehr vorsetzen, sicher sind, dass die Zutaten ordnungsgem\u00e4\u00df durchgekocht werden, wie es f\u00fcr die Lebensmittelsicherheit erforderlich ist, dass Sie alle Elektroger\u00e4te gem\u00e4\u00df ihrer Bedienungsanleitung verwenden und dass Sie die \u00fcblichen Vorsichtsma\u00dfnahmen in der K\u00fcche treffen, wie z B Elektroger\u00e4te nicht unbeaufsichtigt zu lassen, w\u00e4hrend sie in Betrieb sind, und Kinder oder Tiere nicht mit hei\u00dfen oder schweren Gegenst\u00e4nden in Kontakt kommen zu lassen SharkNinja ist nicht verantwortlich f\u00fcr Sch\u00e4den, die Sie oder andere Personen erleiden, wenn Sie diese vern\u00fcnftigen Vorsichtsma\u00dfnahmen nicht treffen und Ihr eigenes Urteilsverm\u00f6gen einsetzen SharkNinja garantiert auch nicht, dass ein Rezept zum gew\u00fcnschten Ergebnis f\u00fchrt oder dass Ern\u00e4hrungsempfehlungen, die ein Benutzer der Website gibt, korrekt sind<\/p>\n<p>SharkNinja schlie\u00dft seine Haftung f\u00fcr Todesf\u00e4lle oder Personensch\u00e4den, die durch seine Fahrl\u00e4ssigkeit verursacht wurden, oder f\u00fcr andere Haftungen, die rechtlich nicht ausgeschlossen werden k\u00f6nnen, weder aus noch beschr\u00e4nkt es sie<\/p>\n","protected":false},"excerpt":{"rendered":"<p>Sie m\u00fcssen angemessene Vorsichtsma\u00dfnahmen ergreifen, und SharkNinja ist nicht verantwortlich, wenn Sie dies nicht tun. SharkNinja stellt die Cooking Circle&#8230;<\/p>\n","protected":false},"author":2,"featured_media":0,"parent":0,"menu_order":0,"comment_status":"closed","ping_status":"closed","template":"","meta":{"_acf_changed":false,"_seopress_robots_primary_cat":"","_seopress_titles_title":"","_seopress_titles_desc":"","_seopress_robots_index":"","footnotes":""},"class_list":["post-853","page","type-page","status-publish","hentry"],"acf":[],"_links":{"self":[{"href":"https:\/\/ninjatestkitchen.eu\/de\/wp-json\/wp\/v2\/pages\/853","targetHints":{"allow":["GET"]}}],"collection":[{"href":"https:\/\/ninjatestkitchen.eu\/de\/wp-json\/wp\/v2\/pages"}],"about":[{"href":"https:\/\/ninjatestkitchen.eu\/de\/wp-json\/wp\/v2\/types\/page"}],"author":[{"embeddable":true,"href":"https:\/\/ninjatestkitchen.eu\/de\/wp-json\/wp\/v2\/users\/2"}],"replies":[{"embeddable":true,"href":"https:\/\/ninjatestkitchen.eu\/de\/wp-json\/wp\/v2\/comments?post=853"}],"version-history":[{"count":4,"href":"https:\/\/ninjatestkitchen.eu\/de\/wp-json\/wp\/v2\/pages\/853\/revisions"}],"predecessor-version":[{"id":6442,"href":"https:\/\/ninjatestkitchen.eu\/de\/wp-json\/wp\/v2\/pages\/853\/revisions\/6442"}],"wp:attachment":[{"href":"https:\/\/ninjatestkitchen.eu\/de\/wp-json\/wp\/v2\/media?parent=853"}],"curies":[{"name":"wp","href":"https:\/\/api.w.org\/{rel}","templated":true}]}}