{"id":2876,"date":"2021-02-25T11:41:21","date_gmt":"2021-02-25T11:41:21","guid":{"rendered":"https:\/\/cookingcircle.com\/?page_id=2876"},"modified":"2022-04-27T18:09:05","modified_gmt":"2022-04-27T16:09:05","slug":"add-recipe","status":"publish","type":"page","link":"https:\/\/ninjatestkitchen.eu\/es\/add-recipe\/","title":{"rendered":"Env\u00edanos tus recetas"},"content":{"rendered":"<p>Env\u00edanos tus propias recetas y podr\u00e1s verlas publicadas aqu\u00ed en Cooking Circle. Miles de usuarios podr\u00e1n inspirarse con tus creaciones.<\/p>\n<p>Reg\u00edstrate para poder enviarnos Recetas<\/p>\n","protected":false},"excerpt":{"rendered":"<p>Env\u00edanos tus propias recetas y podr\u00e1s verlas publicadas aqu\u00ed en Cooking Circle. Miles de usuarios podr\u00e1n inspirarse con tus creaciones.<\/p>\n","protected":false},"author":1,"featured_media":0,"parent":0,"menu_order":0,"comment_status":"closed","ping_status":"closed","template":"","meta":{"_acf_changed":false,"_seopress_robots_primary_cat":"","_seopress_titles_title":"Env\u00edanos tus recetas | Ninja Cooking Circle","_seopress_titles_desc":"En Cooking Circle, el portal oficial de recetas de Ninja.","_seopress_robots_index":"","footnotes":""},"class_list":["post-2876","page","type-page","status-publish","hentry"],"acf":[],"_links":{"self":[{"href":"https:\/\/ninjatestkitchen.eu\/es\/wp-json\/wp\/v2\/pages\/2876","targetHints":{"allow":["GET"]}}],"collection":[{"href":"https:\/\/ninjatestkitchen.eu\/es\/wp-json\/wp\/v2\/pages"}],"about":[{"href":"https:\/\/ninjatestkitchen.eu\/es\/wp-json\/wp\/v2\/types\/page"}],"author":[{"embeddable":true,"href":"https:\/\/ninjatestkitchen.eu\/es\/wp-json\/wp\/v2\/users\/1"}],"replies":[{"embeddable":true,"href":"https:\/\/ninjatestkitchen.eu\/es\/wp-json\/wp\/v2\/comments?post=2876"}],"version-history":[{"count":5,"href":"https:\/\/ninjatestkitchen.eu\/es\/wp-json\/wp\/v2\/pages\/2876\/revisions"}],"predecessor-version":[{"id":6762,"href":"https:\/\/ninjatestkitchen.eu\/es\/wp-json\/wp\/v2\/pages\/2876\/revisions\/6762"}],"wp:attachment":[{"href":"https:\/\/ninjatestkitchen.eu\/es\/wp-json\/wp\/v2\/media?parent=2876"}],"curies":[{"name":"wp","href":"https:\/\/api.w.org\/{rel}","templated":true}]}}