{"id":829,"date":"2020-07-23T21:06:31","date_gmt":"2020-07-23T21:06:31","guid":{"rendered":"https:\/\/cookingcircle.com\/?page_id=829"},"modified":"2022-04-22T15:57:46","modified_gmt":"2022-04-22T13:57:46","slug":"about","status":"publish","type":"page","link":"https:\/\/ninjatestkitchen.eu\/es\/about\/","title":{"rendered":"Sobre nosotros"},"content":{"rendered":"<p>Bienvenido o bienvenida a Cooking Circle, un destino \u00fanico para todas tus necesidades de recetas.<\/p>\n<p>Tanto si buscas ideas para una comida r\u00e1pida entre semana como algo especial para impresionar a tus invitados, nuestras recetas son f\u00e1ciles de seguir y te permiten crear deliciosas comidas, snacks y bebidas caseras, independientemente de tus habilidades culinarias.<\/p>\n<p>Cooking Circle forma parte de la familia Ninja Kitchen. En Ninja nos apasiona que puedas crear deliciosos platos en casa f\u00e1cil y r\u00e1pidamente. Ya sea compartiendo sabrosas recetas en Cooking Circle o creando para ti productos innovadores de Ninja, nuestro objetivo es mejorar y simplificar tu vida en la cocina.<\/p>\n<p>La cocina es algo m\u00e1s que simplemente comida: une a las personas. Por eso nos esforzamos por defender los ingredientes de temporada, presentar recetas inspiradas en todo el mundo y fomentar la cocina con toda la familia.<\/p>\n<p>Encontrar\u00e1s algo para cada hogar y para cada requisito diet\u00e9tico, como recetas divertidas para hacer con los ni\u00f1os, recetas vegetarianas y veganas, recetas sin gluten y sin l\u00e1cteos, recetas de reposter\u00eda casera y mucho m\u00e1s.<\/p>\n","protected":false},"excerpt":{"rendered":"<p>Bienvenido o bienvenida a Cooking Circle, un destino \u00fanico para todas tus necesidades de recetas. Tanto si buscas ideas para&#8230;<\/p>\n","protected":false},"author":2,"featured_media":0,"parent":0,"menu_order":0,"comment_status":"closed","ping_status":"closed","template":"","meta":{"_acf_changed":false,"_seopress_robots_primary_cat":"","_seopress_titles_title":"Sobre nosotros | Ninja Cooking Circle","_seopress_titles_desc":"Somos el portal oficial de recetas de Ninja Kitchen. Entra y descubre y sinf\u00edn de recetas de todo tipo para todos los productos de Ninja.","_seopress_robots_index":"","footnotes":""},"class_list":["post-829","page","type-page","status-publish","hentry"],"acf":[],"_links":{"self":[{"href":"https:\/\/ninjatestkitchen.eu\/es\/wp-json\/wp\/v2\/pages\/829","targetHints":{"allow":["GET"]}}],"collection":[{"href":"https:\/\/ninjatestkitchen.eu\/es\/wp-json\/wp\/v2\/pages"}],"about":[{"href":"https:\/\/ninjatestkitchen.eu\/es\/wp-json\/wp\/v2\/types\/page"}],"author":[{"embeddable":true,"href":"https:\/\/ninjatestkitchen.eu\/es\/wp-json\/wp\/v2\/users\/2"}],"replies":[{"embeddable":true,"href":"https:\/\/ninjatestkitchen.eu\/es\/wp-json\/wp\/v2\/comments?post=829"}],"version-history":[{"count":5,"href":"https:\/\/ninjatestkitchen.eu\/es\/wp-json\/wp\/v2\/pages\/829\/revisions"}],"predecessor-version":[{"id":6638,"href":"https:\/\/ninjatestkitchen.eu\/es\/wp-json\/wp\/v2\/pages\/829\/revisions\/6638"}],"wp:attachment":[{"href":"https:\/\/ninjatestkitchen.eu\/es\/wp-json\/wp\/v2\/media?parent=829"}],"curies":[{"name":"wp","href":"https:\/\/api.w.org\/{rel}","templated":true}]}}