{"id":848,"date":"2020-07-23T21:22:09","date_gmt":"2020-07-23T21:22:09","guid":{"rendered":"https:\/\/cookingcircle.com\/?page_id=848"},"modified":"2022-03-18T12:04:37","modified_gmt":"2022-03-18T11:04:37","slug":"cookie-notice","status":"publish","type":"page","link":"https:\/\/ninjatestkitchen.eu\/es\/cookie-notice\/","title":{"rendered":"Aviso sobre las cookies"},"content":{"rendered":"<p>Utilizamos cookies para personalizar su experiencia como consumidor a trav\u00e9s de nuestros contenidos, anuncios y funciones de las redes sociales Tambi\u00e9n utilizamos cookies para analizar el rendimiento de nuestro sitio web, el tr\u00e1fico y el recorrido que los consumidores han hecho para llegar a nuestro sitio web<\/p>\n<h2>Your Privacy<\/h2>\n<p>Cuando usted visita cualquier sitio web, \u00e9ste puede almacenar o recuperar informaci\u00f3n en su navegador, principalmente en forma de cookies Esta informaci\u00f3n puede ser sobre usted, sus preferencias o su dispositivo y se utiliza principalmente para que el sitio funcione como usted espera La informaci\u00f3n no suele identificarle directamente, pero puede ofrecerle una experiencia web m\u00e1s personalizada<\/p>\n<h2>What are cookies?<\/h2>\n<p>Las cookies son archivos de texto que contienen peque\u00f1as cantidades de informaci\u00f3n que los sitios web que usted visita colocan en su ordenador o dispositivo m\u00f3vil Se utilizan ampliamente para que los sitios web funcionen de forma eficiente y para proporcionar informaci\u00f3n \u00fatil a los propietarios de los mismos Las cookies pueden hacer un seguimiento de sus movimientos en un sitio, recordar sus preferencias como las credenciales de su cuenta u otras funciones personalizadas<\/p>\n<h2>Qu\u00e9 tipos de cookies utilizamos?<\/h2>\n<h3>First Party Cookies<\/h3>\n<p>Las cookies de origen se crean en el dominio de nuestro sitio web para su uso por SharkNinja Los datos recogidos por estas cookies son para fines de SharkNinja<\/p>\n<h3>Third Party Cookies<\/h3>\n<p>Third party cookies are applied to our website by third-party providers that we work closely with. These cookies are mainly used to display personal advertisements and assist with analysing website behaviour. Information is collected by the third party and shared with SharkNinja. <\/p>\n<h3>Session Cookies<\/h3>\n<p>Las cookies de sesi\u00f3n son temporales y expiran cuando usted cierra su navegador o si est\u00e1 inactivo durante un periodo de tiempo Utilizamos cookies de sesi\u00f3n para que pueda navegar por nuestro sitio web y a\u00f1adir art\u00edculos a su cesta sin perderlos Tambi\u00e9n las utilizamos para ayudar a prevenir el fraude y para aumentar la seguridad de nuestro sitio web<\/p>\n<h3>Persistent Cookies<\/h3>\n<p>Las cookies persistentes permanecer\u00e1n almacenadas en su ordenador hasta que se eliminen o hasta que alcancen una fecha de caducidad determinada Utilizamos cookies persistentes para reconocerle cada vez que visita nuestro sitio web y para recordar las preferencias que haya establecido<\/p>\n<h3>Google Analytics<\/h3>\n<p>Utilizamos Google Analytics, un servicio de an\u00e1lisis web prestado por Google LLC, 1600 Amphitheatre Parkway, Mountain View, CA 94043, EEUU (&#8220;Google&#8221;), para mejorar continuamente nuestro sitio web y su experiencia como cliente, lo que constituye un inter\u00e9s leg\u00edtimo para nosotros (Art 6 (1) f) GDPR)<\/p>\n<p>Google Analytics tambi\u00e9n utiliza cookies, que se almacenan en su ordenador, para ayudar al sitio web a analizar el uso que hacen los usuarios del mismo La informaci\u00f3n generada por la cookie sobre el uso que usted hace de este sitio web se env\u00eda generalmente a un servidor de Google en Europa (o en un estado miembro del Acuerdo sobre el Espacio Econ\u00f3mico Europeo) para anonimizar la direcci\u00f3n IP, de modo que no pueda ser rastreada hasta ninguna persona S\u00f3lo despu\u00e9s de anonimizar la direcci\u00f3n IP se transmite la direcci\u00f3n IP abreviada a un servidor de Google en Estados Unidos y se almacena all\u00ed S\u00f3lo en casos excepcionales se transmite la direcci\u00f3n IP completa a un servidor de Google en EEUU y se acorta all\u00ed<\/p>\n<p>En este sitio web se utiliza Google Analytics con una extensi\u00f3n para la recopilaci\u00f3n an\u00f3nima de direcciones IP (la llamada m\u00e1scara de IP) En nuestro nombre, Google utilizar\u00e1 la informaci\u00f3n recopilada para evaluar su uso del sitio web, recopilar informes sobre la actividad del sitio web y proporcionarnos otros servicios relacionados con la actividad del sitio web La direcci\u00f3n IP transmitida por su navegador como parte de Google Analytics no se combina con otros datos de Google<\/p>\n<p>You can prevent the storage of cookies by setting your browser software accordingly. However, we would like to point out that in this case you may not be able to use all the functions of this website to their full extent. You can also prevent the collection by Google of data generated by the cookie and related to your use of the website (including your IP address) and the processing of such data by Google by downloading and installing the browser plug-in available at the following link:http:\/\/tools.google.com\/dlpage\/gaoptout?hl=en.<\/p>\n<p>An opt-out cookie is set to prevent your data from being collected in the future when you visit this website. You can find further information on data protection at Google Analytics at; http:\/\/www.google.com\/analytics\/terms\/de.htmlhttp:\/\/www.google.com\/intl\/de\/analytics\/privacyoverview.html.<\/p>\n<h2>How do we use cookies?<\/h2>\n<h3>Strictly Necessary Cookies<\/h3>\n<p>Estas cookies son necesarias para que el sitio web funcione y no se pueden desactivar en nuestros sistemas Por lo general, s\u00f3lo se instalan en respuesta a acciones realizadas por usted que equivalen a una solicitud de servicios, como la configuraci\u00f3n de sus preferencias de privacidad, el inicio de sesi\u00f3n o la cumplimentaci\u00f3n de formularios Puede configurar su navegador para que bloquee o le avise de estas cookies, pero algunas partes del sitio no funcionar\u00e1n Estas cookies no almacenan informaci\u00f3n que le identifique<\/p>\n<h3>Functional Cookies<\/h3>\n<p>Estas cookies permiten que el sitio web ofrezca una mayor funcionalidad y personalizaci\u00f3n Pueden ser instaladas por nosotros o por terceros proveedores cuyos servicios hemos a\u00f1adido a nuestras p\u00e1ginas Si no permite estas cookies, es posible que algunos o todos estos servicios no funcionen correctamente<\/p>\n<h3>Performance Cookies<\/h3>\n<p>Estas cookies nos permiten contar las visitas y las fuentes de tr\u00e1fico, para poder medir y mejorar el rendimiento de nuestro sitio Nos ayudan a saber qu\u00e9 p\u00e1ginas son las m\u00e1s y las menos populares y a ver c\u00f3mo se mueven los visitantes por el sitio Toda la informaci\u00f3n que recogen estas cookies es agregada y an\u00f3nima Si no permite estas cookies, no sabremos cu\u00e1ndo ha visitado nuestro sitio y no podremos controlar su rendimiento<\/p>\n<h3>Targeting Cookies<\/h3>\n<p>Estas cookies pueden ser instaladas en nuestro sitio por nuestros socios publicitarios Estas empresas pueden utilizarlas para crear un perfil de sus intereses y mostrarle anuncios relevantes en otros sitios Se basan en la identificaci\u00f3n exclusiva de su navegador y dispositivo de Internet Si no permite estas cookies, experimentar\u00e1 menos publicidad dirigida<\/p>\n<h2>How do I change my cookie settings?<\/h2>\n<p>Para actualizar sus preferencias de cookies en nuestro sitio web, haga clic aqu\u00ed<\/p>\n<p>Most web browsers allow some control of most cookies through the browser settings. To find out more about cookies, visit;http:\/\/www.allaboutcookies.org\/<\/p>\n<h2>\u00bfQu\u00e9 ocurre si me niego a permitir las cookies o decido eliminarlas todas?<\/h2>\n<p>Si decide desactivar todas las cookies o eliminarlas de su navegador, podr\u00e1 seguir utilizando nuestro sitio web y obtener informaci\u00f3n sobre nuestros productos y servicios Sin embargo, dise\u00f1amos y mantenemos nuestro sitio web para que sea interactivo y est\u00e9 adaptado a usted, por lo que su experiencia de usuario con nosotros puede verse afectada<\/p>\n","protected":false},"excerpt":{"rendered":"<p>Utilizamos cookies para personalizar su experiencia como consumidor a trav\u00e9s de nuestros contenidos, anuncios y funciones de las redes sociales&#8230;<\/p>\n","protected":false},"author":2,"featured_media":0,"parent":0,"menu_order":0,"comment_status":"closed","ping_status":"closed","template":"","meta":{"_acf_changed":false,"_seopress_robots_primary_cat":"","_seopress_titles_title":"","_seopress_titles_desc":"","_seopress_robots_index":"","footnotes":""},"class_list":["post-848","page","type-page","status-publish","hentry"],"acf":[],"_links":{"self":[{"href":"https:\/\/ninjatestkitchen.eu\/es\/wp-json\/wp\/v2\/pages\/848","targetHints":{"allow":["GET"]}}],"collection":[{"href":"https:\/\/ninjatestkitchen.eu\/es\/wp-json\/wp\/v2\/pages"}],"about":[{"href":"https:\/\/ninjatestkitchen.eu\/es\/wp-json\/wp\/v2\/types\/page"}],"author":[{"embeddable":true,"href":"https:\/\/ninjatestkitchen.eu\/es\/wp-json\/wp\/v2\/users\/2"}],"replies":[{"embeddable":true,"href":"https:\/\/ninjatestkitchen.eu\/es\/wp-json\/wp\/v2\/comments?post=848"}],"version-history":[{"count":8,"href":"https:\/\/ninjatestkitchen.eu\/es\/wp-json\/wp\/v2\/pages\/848\/revisions"}],"predecessor-version":[{"id":6432,"href":"https:\/\/ninjatestkitchen.eu\/es\/wp-json\/wp\/v2\/pages\/848\/revisions\/6432"}],"wp:attachment":[{"href":"https:\/\/ninjatestkitchen.eu\/es\/wp-json\/wp\/v2\/media?parent=848"}],"curies":[{"name":"wp","href":"https:\/\/api.w.org\/{rel}","templated":true}]}}