{"id":853,"date":"2020-07-23T21:25:44","date_gmt":"2020-07-23T21:25:44","guid":{"rendered":"https:\/\/cookingcircle.com\/?page_id=853"},"modified":"2022-03-18T12:04:37","modified_gmt":"2022-03-18T11:04:37","slug":"terms-of-recipe-use","status":"publish","type":"page","link":"https:\/\/ninjatestkitchen.eu\/es\/terms-of-recipe-use\/","title":{"rendered":"Condiciones de uso de las recetas"},"content":{"rendered":"<h3>Debes tomar precauciones razonables, y SharkNinja no es responsable si no lo haces.<\/h3>\n<p>SharkNinja ofrece el sitio web Cooking Circle como un sitio social de uso gratuito para que los usuarios de Ninja compartan recetas y consejos de cocina A menos que se indique espec\u00edficamente, las recetas, los consejos de cocina y cualquier otra informaci\u00f3n o consejo en el sitio web Cooking Circle no han sido proporcionados o probados por SharkNinja Aunque tomamos medidas razonables para eliminar cualquier consejo o receta obviamente defectuosa, usted es responsable de asegurarse de que toma las precauciones normales y utiliza su propio juicio en relaci\u00f3n con las recetas y consejos de cocina que aparecen en el sitio web Esto incluye asegurarse de que los ingredientes son seguros para usted y para cualquier persona a la que se los sirva para comer, asegurarse de que los ingredientes est\u00e1n bien cocinados como es necesario para la seguridad de los alimentos, asegurarse de que utiliza todos los electrodom\u00e9sticos de acuerdo con sus instrucciones de funcionamiento, y tomar las precauciones normales en la cocina, como no dejar los electrodom\u00e9sticos desatendidos mientras est\u00e1n en funcionamiento y no permitir que los ni\u00f1os o los animales entren en contacto con art\u00edculos calientes o pesados SharkNinja no se hace responsable de ning\u00fan da\u00f1o que usted o cualquier otra persona sufra como resultado de no tomar estas precauciones sensatas y usar su propio juicio SharkNinja tampoco garantiza que cualquier receta logre el resultado deseado, ni que los consejos nutricionales que cualquier usuario del sitio web pueda ofrecer sean correctos<\/p>\n<p>SharkNinja no excluye ni limita su responsabilidad por cualquier muerte o lesi\u00f3n personal causada por su negligencia, o por cualquier otra responsabilidad que no pueda ser legalmente excluida<\/p>\n","protected":false},"excerpt":{"rendered":"<p>Debes tomar precauciones razonables, y SharkNinja no es responsable si no lo haces. SharkNinja ofrece el sitio web Cooking Circle&#8230;<\/p>\n","protected":false},"author":2,"featured_media":0,"parent":0,"menu_order":0,"comment_status":"closed","ping_status":"closed","template":"","meta":{"_acf_changed":false,"_seopress_robots_primary_cat":"","_seopress_titles_title":"","_seopress_titles_desc":"","_seopress_robots_index":"","footnotes":""},"class_list":["post-853","page","type-page","status-publish","hentry"],"acf":[],"_links":{"self":[{"href":"https:\/\/ninjatestkitchen.eu\/es\/wp-json\/wp\/v2\/pages\/853","targetHints":{"allow":["GET"]}}],"collection":[{"href":"https:\/\/ninjatestkitchen.eu\/es\/wp-json\/wp\/v2\/pages"}],"about":[{"href":"https:\/\/ninjatestkitchen.eu\/es\/wp-json\/wp\/v2\/types\/page"}],"author":[{"embeddable":true,"href":"https:\/\/ninjatestkitchen.eu\/es\/wp-json\/wp\/v2\/users\/2"}],"replies":[{"embeddable":true,"href":"https:\/\/ninjatestkitchen.eu\/es\/wp-json\/wp\/v2\/comments?post=853"}],"version-history":[{"count":4,"href":"https:\/\/ninjatestkitchen.eu\/es\/wp-json\/wp\/v2\/pages\/853\/revisions"}],"predecessor-version":[{"id":6442,"href":"https:\/\/ninjatestkitchen.eu\/es\/wp-json\/wp\/v2\/pages\/853\/revisions\/6442"}],"wp:attachment":[{"href":"https:\/\/ninjatestkitchen.eu\/es\/wp-json\/wp\/v2\/media?parent=853"}],"curies":[{"name":"wp","href":"https:\/\/api.w.org\/{rel}","templated":true}]}}