{"id":7408,"date":"2023-04-27T16:34:03","date_gmt":"2023-04-27T14:34:03","guid":{"rendered":"https:\/\/ninjatestkitchen.eu\/fr\/?page_id=7408"},"modified":"2023-06-05T16:07:54","modified_gmt":"2023-06-05T14:07:54","slug":"speedi-meal-builder","status":"publish","type":"page","link":"https:\/\/ninjatestkitchen.eu\/fr\/speedi-meal-builder\/","title":{"rendered":"Speedi Meal Builder"},"content":{"rendered":"\n\t<aside class=\"bowls relative\">\n\t\t<div class=\"flex speedi-slider\">\n\t\t\t<img decoding=\"async\" src=\"https:\/\/sharkninja-cookingcircle.s3.eu-west-1.amazonaws.com\/wp-content\/uploads\/sites\/6\/2023\/04\/27162111\/Mediterranean-Bowl.jpg\" class=\"bowl-image block\" \/><img decoding=\"async\" src=\"https:\/\/sharkninja-cookingcircle.s3.eu-west-1.amazonaws.com\/wp-content\/uploads\/sites\/6\/2023\/04\/27162101\/BBQ-Chicken-Nuggets-Mac-Cheese.jpg\" class=\"bowl-image block\" \/><img decoding=\"async\" src=\"https:\/\/sharkninja-cookingcircle.s3.eu-west-1.amazonaws.com\/wp-content\/uploads\/sites\/6\/2023\/04\/27162105\/Buddha-Bowl.jpg\" class=\"bowl-image block\" \/><img decoding=\"async\" src=\"https:\/\/sharkninja-cookingcircle.s3.eu-west-1.amazonaws.com\/wp-content\/uploads\/sites\/6\/2023\/04\/27162107\/Burrito-Bowl.jpg\" class=\"bowl-image block\" \/><img decoding=\"async\" src=\"https:\/\/sharkninja-cookingcircle.s3.eu-west-1.amazonaws.com\/wp-content\/uploads\/sites\/6\/2023\/04\/27162109\/Chicken-Alfredo.jpg\" class=\"bowl-image block\" \/>\t\t<\/div>\n\t<\/aside>\n\n\n\n\n<section class=\"wp-block-group speedi-home container-fluid\"><div class=\"wp-block-group__inner-container is-layout-flow wp-block-group-is-layout-flow\">\n<div class=\"wp-block-columns bowl-columns wrapper is-layout-flex wp-container-core-columns-is-layout-1 wp-block-columns-is-layout-flex\">\n<div class=\"wp-block-column text-column middleparent is-layout-flow wp-block-column-is-layout-flow\">\n<figure class=\"wp-block-image size-full\"><img decoding=\"async\" src=\"https:\/\/sharkninja-cookingcircle.s3.eu-west-1.amazonaws.com\/wp-content\/uploads\/2022\/07\/12210014\/Ninja-Speedi.png\" alt=\"\" class=\"wp-image-8704\"\/><\/figure>\n<\/div>\n\n\n\n<div class=\"wp-block-column bowls-column is-layout-flow wp-block-column-is-layout-flow\">\n<div class=\"wp-block-group\"><div class=\"wp-block-group__inner-container is-layout-flow wp-block-group-is-layout-flow\">\n<p class=\"byo-subtitle tk-brevia uppercase medium size-1250 margin-0\">R\u00c9ALISEZ VOTRE PROPRE<\/p>\n\n\n\n<h1 class=\"wp-block-heading speedimeal-title tk-brevia\"><em><span class=\"speedi-blue\">Speedi<\/span> <span class=\"speedi-red\">Meal<\/span><\/em>*<\/h1>\n\n\n\n<h2 class=\"wp-block-heading recipebuilder-title tk-brevia size-1375 speedi-yellow-bg paddingx-0625 margin-0 inlineblock\">G\u00e9n\u00e9rez votre recette en 1 min<\/h2>\n\n\n\n<p>Des recettes en un \u00e9clair, pour des repas qui vont vous plaire.<\/p>\n\n\n\n<p>S\u00e9lectionnez vos ingr\u00e9dients, personnalisez vos saveurs, et g\u00e9n\u00e9rez votre propre recette (parmi des milliers de possibilit\u00e9s), \u00e0 r\u00e9aliser dans votre Speedi de Ninja, en seulement 5 \u00e9tapes.<\/p>\n\n\n\n<div class=\"wp-block-buttons is-layout-flex wp-block-buttons-is-layout-flex\">\n<div class=\"wp-block-button\"><a class=\"wp-block-button__link wp-element-button\" href=\"\/fr\/speedi-recipe-builder\/\">Cr\u00e9ez votre recette<\/a><\/div>\n<\/div>\n<\/div><\/div>\n\n\n\n<p><\/p>\n\n\n\n<p class=\"has-small-font-size\"><em>* Repas rapide<\/em><\/p>\n<\/div>\n<\/div>\n<\/div><\/section>\n","protected":false},"excerpt":{"rendered":"<p>R\u00c9ALISEZ VOTRE PROPRE Speedi Meal* G\u00e9n\u00e9rez votre recette en 1 min Des recettes en un \u00e9clair, pour des repas qui&#8230;<\/p>\n","protected":false},"author":2,"featured_media":0,"parent":0,"menu_order":0,"comment_status":"closed","ping_status":"closed","template":"templates\/page-viewport.php","meta":{"_acf_changed":false,"_seopress_robots_primary_cat":"","_seopress_titles_title":"","_seopress_titles_desc":"","_seopress_robots_index":"","footnotes":""},"class_list":["post-7408","page","type-page","status-publish","hentry"],"acf":[],"_links":{"self":[{"href":"https:\/\/ninjatestkitchen.eu\/fr\/wp-json\/wp\/v2\/pages\/7408","targetHints":{"allow":["GET"]}}],"collection":[{"href":"https:\/\/ninjatestkitchen.eu\/fr\/wp-json\/wp\/v2\/pages"}],"about":[{"href":"https:\/\/ninjatestkitchen.eu\/fr\/wp-json\/wp\/v2\/types\/page"}],"author":[{"embeddable":true,"href":"https:\/\/ninjatestkitchen.eu\/fr\/wp-json\/wp\/v2\/users\/2"}],"replies":[{"embeddable":true,"href":"https:\/\/ninjatestkitchen.eu\/fr\/wp-json\/wp\/v2\/comments?post=7408"}],"version-history":[{"count":22,"href":"https:\/\/ninjatestkitchen.eu\/fr\/wp-json\/wp\/v2\/pages\/7408\/revisions"}],"predecessor-version":[{"id":7516,"href":"https:\/\/ninjatestkitchen.eu\/fr\/wp-json\/wp\/v2\/pages\/7408\/revisions\/7516"}],"wp:attachment":[{"href":"https:\/\/ninjatestkitchen.eu\/fr\/wp-json\/wp\/v2\/media?parent=7408"}],"curies":[{"name":"wp","href":"https:\/\/api.w.org\/{rel}","templated":true}]}}