{"id":829,"date":"2020-07-23T21:06:31","date_gmt":"2020-07-23T21:06:31","guid":{"rendered":"https:\/\/cookingcircle.com\/?page_id=829"},"modified":"2022-03-18T12:01:05","modified_gmt":"2022-03-18T11:01:05","slug":"about","status":"publish","type":"page","link":"https:\/\/ninjatestkitchen.eu\/fr\/about\/","title":{"rendered":"\u00c0 propos de Cooking Circle"},"content":{"rendered":"<p>Bienvenue \u00e0 Cooking Circle, une destination unique pour tous vos besoins en mati\u00e8re de recettes<\/p>\n<p>Que vous cherchiez des id\u00e9es de repas rapides pour la semaine ou quelque chose de sp\u00e9cial pour impressionner vos invit\u00e9s, nos recettes faciles \u00e0 suivre vous permettent de cr\u00e9er de d\u00e9licieux repas, snacks et boissons \u00e0 la maison, quelle que soit votre exp\u00e9rience ou votre confiance en cuisine<\/p>\n<p>Cooking Circle fait partie de la famille Ninja Kitchen Chez Ninja, nous sommes passionn\u00e9s par la cr\u00e9ation rapide et facile de plats d\u00e9licieux \u00e0 la maison Que ce soit en partageant des recettes savoureuses sur Cooking Circle ou en cr\u00e9ant des produits Ninja Kitchen innovants, notre objectif est d&#8217;am\u00e9liorer et de simplifier votre vie en cuisine<\/p>\n<p>La cuisine, c&#8217;est bien plus que de la nourriture : elle rassemble les gens C&#8217;est pourquoi nous nous effor\u00e7ons de promouvoir les ingr\u00e9dients de saison, de proposer des recettes inspir\u00e9es du monde entier et d&#8217;encourager la cuisine en famille<\/p>\n<p>Vous trouverez des recettes pour tous les foyers et tous les r\u00e9gimes alimentaires, y compris des recettes amusantes \u00e0 r\u00e9aliser avec les enfants, des recettes v\u00e9g\u00e9tariennes et v\u00e9g\u00e9taliennes, des recettes sans gluten et sans produits laitiers, des recettes de p\u00e2tisserie maison et bien plus encore<\/p>\n","protected":false},"excerpt":{"rendered":"<p>Bienvenue \u00e0 Cooking Circle, une destination unique pour tous vos besoins en mati\u00e8re de recettes Que vous cherchiez des id\u00e9es&#8230;<\/p>\n","protected":false},"author":2,"featured_media":0,"parent":0,"menu_order":0,"comment_status":"closed","ping_status":"closed","template":"","meta":{"_acf_changed":false,"_seopress_robots_primary_cat":"","_seopress_titles_title":"","_seopress_titles_desc":"","_seopress_robots_index":"","footnotes":""},"class_list":["post-829","page","type-page","status-publish","hentry"],"acf":[],"_links":{"self":[{"href":"https:\/\/ninjatestkitchen.eu\/fr\/wp-json\/wp\/v2\/pages\/829","targetHints":{"allow":["GET"]}}],"collection":[{"href":"https:\/\/ninjatestkitchen.eu\/fr\/wp-json\/wp\/v2\/pages"}],"about":[{"href":"https:\/\/ninjatestkitchen.eu\/fr\/wp-json\/wp\/v2\/types\/page"}],"author":[{"embeddable":true,"href":"https:\/\/ninjatestkitchen.eu\/fr\/wp-json\/wp\/v2\/users\/2"}],"replies":[{"embeddable":true,"href":"https:\/\/ninjatestkitchen.eu\/fr\/wp-json\/wp\/v2\/comments?post=829"}],"version-history":[{"count":3,"href":"https:\/\/ninjatestkitchen.eu\/fr\/wp-json\/wp\/v2\/pages\/829\/revisions"}],"predecessor-version":[{"id":6431,"href":"https:\/\/ninjatestkitchen.eu\/fr\/wp-json\/wp\/v2\/pages\/829\/revisions\/6431"}],"wp:attachment":[{"href":"https:\/\/ninjatestkitchen.eu\/fr\/wp-json\/wp\/v2\/media?parent=829"}],"curies":[{"name":"wp","href":"https:\/\/api.w.org\/{rel}","templated":true}]}}