{"id":832,"date":"2020-07-23T21:08:09","date_gmt":"2020-07-23T21:08:09","guid":{"rendered":"https:\/\/cookingcircle.com\/?page_id=832"},"modified":"2022-03-18T12:01:05","modified_gmt":"2022-03-18T11:01:05","slug":"terms-of-use","status":"publish","type":"page","link":"https:\/\/ninjatestkitchen.eu\/fr\/terms-of-use\/","title":{"rendered":"Conditions d&#8217;utilisation"},"content":{"rendered":"<h3>1. Introduction<\/h3>\n<ul>\n<li>These terms of use govern your use of our website; by using our website, you accept these terms of use in full. Si vous n&#8217;\u00eates pas d&#8217;accord avec les pr\u00e9sentes conditions d&#8217;utilisation ou une partie de celles-ci, vous ne devez pas utiliser notre site Web.<\/li>\n<li>Si vous vous inscrivez sur notre site web, nous vous demanderons d&#8217;accepter express\u00e9ment les pr\u00e9sentes conditions d&#8217;utilisation.<\/li>\n<li>Notre site web utilise des cookies. By using our website and agreeing to these terms of use, you consent to our use of cookies in accordance with the terms of ourprivacy notice.<\/li>\n<\/ul>\n<h3>2. Our details<\/h3>\n<ul>\n<li>Cooking Circle is a website operated by SharkNinja Europe Ltd. Nous sommes enregistr\u00e9s en Angleterre et au Pays de Galles sous le num\u00e9ro de soci\u00e9t\u00e9 08492819 et notre si\u00e8ge social et notre principale adresse commerciale se trouvent au 3150 Century Way, Leeds, LS15 8ZB. Notre num\u00e9ro de TVA est le 210 6248 50.<\/li>\n<li>Pour nous contacter, veuillez appeler notre service client\u00e8le au 0800 862 0453.<\/li>\n<\/ul>\n<h3>3. Other terms that may apply to you<\/h3>\n<ul>\n<li>These terms of use refer to the following additional terms, which also apply to your use of our website:\n<ul>\n<li>Our Privacy and Cookie Policy<\/li>\n<\/ul>\n<\/li>\n<\/ul>\n<h3>4. Licence to use website<\/h3>\n<ul>\n<li>Unless otherwise stated, we or our licensors own the intellectual property rights in the website and material on the website. Ces \u0153uvres sont prot\u00e9g\u00e9es par des lois et des trait\u00e9s sur le droit d&#8217;auteur dans le monde entier. Sous r\u00e9serve de la licence ci-dessous, tous ces droits de propri\u00e9t\u00e9 intellectuelle sont r\u00e9serv\u00e9s.<\/li>\n<li>Vous pouvez visualiser, t\u00e9l\u00e9charger \u00e0 des fins de mise en cache uniquement et imprimer des pages ou des fichiers PDF du site Web pour votre usage personnel et non commercial, sous r\u00e9serve des restrictions \u00e9nonc\u00e9es ci-dessous et ailleurs dans les pr\u00e9sentes conditions d&#8217;utilisation.<\/li>\n<li>You must not:\n<ul>\n<li>republish material from this website (including republication on another website);<\/li>\n<li>sell, rent or sub-license material from the website;<\/li>\n<li>show any material from the website in public;<\/li>\n<li>reproduce, duplicate, copy or otherwise exploit material on our website for a commercial purpose;<\/li>\n<li>edit or otherwise modify any material on the website;<\/li>\n<li>modify the paper or digital copies of any materials you have printed off or downloaded in any way, and you must not use any illustrations, photographs, video or audio sequences or any graphics separately from any accompanying text; or<\/li>\n<li>redistribute material from this website except for content specifically and expressly made available for redistribution (such as our newsletter).<\/li>\n<\/ul>\n<\/li>\n<\/ul>\n<h3>5. Acceptable use<\/h3>\n<ul>\n<li>You must not use our website in any way that causes, or may cause, damage to the website or impairment of the availability or accessibility of the website; or in any way which is unlawful, illegal, fraudulent or harmful, or in connection with any unlawful, illegal, fraudulent or harmful purpose or activity.<\/li>\n<li>Vous ne devez pas utiliser notre site web pour copier, stocker, h\u00e9berger, transmettre, envoyer, utiliser, publier ou distribuer tout mat\u00e9riel qui consiste en (ou est li\u00e9 \u00e0) un logiciel espion, un virus informatique, un cheval de Troie, un ver, un enregistreur de frappe, un rootkit ou tout autre logiciel informatique malveillant.<\/li>\n<li>Vous ne devez pas mener d&#8217;activit\u00e9s de collecte de donn\u00e9es syst\u00e9matiques ou automatis\u00e9es (y compris, sans s&#8217;y limiter, le raclage, l&#8217;exploration de donn\u00e9es, l&#8217;extraction de donn\u00e9es et la r\u00e9colte de donn\u00e9es) sur notre site web ou en relation avec celui-ci sans notre consentement \u00e9crit expr\u00e8s.<\/li>\n<\/ul>\n<h3>6. Linking to our site<\/h3>\n<ul>\n<li>You may link to our home page, provided you do so in a way that is fair and legal and does not damage our reputation or take advantage of it.<\/li>\n<li>Vous ne devez pas \u00e9tablir de lien de mani\u00e8re \u00e0 sugg\u00e9rer une forme d&#8217;association, d&#8217;approbation ou de soutien de notre part lorsqu&#8217;il n&#8217;en existe pas.<\/li>\n<li>Vous ne devez pas \u00e9tablir un lien vers notre site sur un site web qui ne vous appartient pas.<\/li>\n<li>Notre site ne doit pas \u00eatre encadr\u00e9 sur un autre site, et vous ne pouvez pas cr\u00e9er de lien vers une partie de notre site autre que la page d&#8217;accueil.<\/li>\n<li>Nous nous r\u00e9servons le droit de retirer l&#8217;autorisation de liaison sans pr\u00e9avis.<\/li>\n<li>Si vous souhaitez faire un usage du contenu de notre site autre que celui indiqu\u00e9 ci-dessus, veuillez contacter notre \u00e9quipe du service client\u00e8le au 0800 8620453.<\/li>\n<\/ul>\n<h3>7. How we may use your personal information<\/h3>\n<ul>\n<li>We will only use your personal information as set out in ourPrivacyandCookiePolicy.<\/li>\n<\/ul>\n<h3>8. Limited warranties<\/h3>\n<ul>\n<li>Whilst we endeavour to ensure that the information on this website is correct, we do not warrant its completeness or accuracy; nor do we commit to ensuring that the website remains available or that the material on the website is kept up-to-date.<\/li>\n<li>Le contenu de notre site est fourni \u00e0 titre d&#8217;information g\u00e9n\u00e9rale uniquement. Il ne s&#8217;agit pas d&#8217;un conseil sur lequel vous devez vous appuyer. Vous devez obtenir l&#8217;avis d&#8217;un professionnel ou d&#8217;un sp\u00e9cialiste avant d&#8217;entreprendre, ou de vous abstenir d&#8217;entreprendre, toute action sur la base du contenu de notre site.<\/li>\n<li>Dans toute la mesure permise par la loi applicable, nous excluons toutes les repr\u00e9sentations, garanties et conditions relatives \u00e0 ce site Web et \u00e0 son utilisation (y compris, sans s&#8217;y limiter, toute garantie implicite par la loi de qualit\u00e9 satisfaisante, d&#8217;ad\u00e9quation \u00e0 un usage particulier et\/ou d&#8217;utilisation de soins et de comp\u00e9tences raisonnables).<\/li>\n<\/ul>\n<h3>9. We are not responsible for websites we link to<\/h3>\n<ul>\n<li>Where our website contains links to other sites and resources provided by third parties, these links are provided for your information only. Ces liens ne doivent pas \u00eatre interpr\u00e9t\u00e9s comme une approbation de notre part de ces sites web ou des informations que vous pouvez y trouver.<\/li>\n<li>Nous n&#8217;avons aucun contr\u00f4le sur le contenu de ces sites ou ressources.<\/li>\n<\/ul>\n<h3>10. Limitations and exclusions of liability<\/h3>\n<ul>\n<li>Nothing in these terms of use will: (a) limit or exclude our or your liability for death or personal injury resulting from negligence; (b) limit or exclude our or your liability for fraud or fraudulent misrepresentation; (c) limit any of our or your liabilities in any way that is not permitted under applicable law; or (d) exclude any of our or your liabilities that may not be excluded under applicable law. Si vous \u00eates un consommateur, les droits statutaires dont vous disposez, qui ne peuvent \u00eatre exclus ou limit\u00e9s, ne seront pas affect\u00e9s par les pr\u00e9sentes conditions d&#8217;utilisation.<\/li>\n<li>Diff\u00e9rentes limitations et exclusions de responsabilit\u00e9 s&#8217;appliqueront \u00e0 la responsabilit\u00e9 d\u00e9coulant de la fourniture de tout produit, qui sera d\u00e9finie dans nos conditions g\u00e9n\u00e9rales de vente [below].<\/li>\n<li>Les limitations et exclusions de responsabilit\u00e9 \u00e9nonc\u00e9es dans la pr\u00e9sente section et ailleurs dans les pr\u00e9sentes conditions d&#8217;utilisation : (a) sont soumises au paragraphe pr\u00e9c\u00e9dent ; et (b) r\u00e9gissent toutes les responsabilit\u00e9s d\u00e9coulant des conditions d&#8217;utilisation ou en relation avec l&#8217;objet des conditions d&#8217;utilisation, y compris les responsabilit\u00e9s contractuelles, d\u00e9lictuelles (y compris la n\u00e9gligence) et pour violation d&#8217;une obligation l\u00e9gale.<\/li>\n<li>Dans les limites autoris\u00e9es par la loi, nous excluons toutes les conditions, garanties, repr\u00e9sentations ou autres termes qui peuvent s&#8217;appliquer \u00e0 notre site ou \u00e0 son contenu, qu&#8217;ils soient explicites ou implicites.<\/li>\n<li>We will not be liable to any user for any loss or damage, whether in contract, tort (including negligence), breach of statutory duty, or otherwise, even if foreseeable, arising under or in connection with:\n<ul>\n<li>use of, or inability to use, our website; or<\/li>\n<li>use of or reliance on any content displayed on our website.<\/li>\n<\/ul>\n<\/li>\n<li>If you are a business user, please note that in particular, we will not be liable for:\n<ul>\n<li>loss of profits, sales, business, or revenue;<\/li>\n<li>business interruption;<\/li>\n<li>loss of anticipated savings;<\/li>\n<li>loss of business opportunity, goodwill or reputation; or<\/li>\n<li>any indirect or consequential loss or damage.<\/li>\n<\/ul>\n<\/li>\n<li>Si vous \u00eates un utilisateur consommateur, veuillez noter que nous fournissons notre site uniquement pour un usage domestique et priv\u00e9. Vous acceptez de ne pas utiliser notre site \u00e0 des fins commerciales ou professionnelles, et nous n&#8217;avons aucune responsabilit\u00e9 envers vous pour toute perte de profit, perte d&#8217;activit\u00e9, interruption d&#8217;activit\u00e9 ou perte d&#8217;opportunit\u00e9 commerciale.<\/li>\n<li>Nous ne serons pas responsables des pertes ou des dommages caus\u00e9s par un virus, une attaque par d\u00e9ni de service distribu\u00e9 ou tout autre mat\u00e9riel technologiquement nuisible qui pourrait infecter votre \u00e9quipement informatique, vos programmes informatiques, vos donn\u00e9es ou tout autre mat\u00e9riel propri\u00e9taire en raison de votre utilisation de notre site ou de votre t\u00e9l\u00e9chargement de tout contenu sur ce site ou sur tout site web qui lui est li\u00e9.<\/li>\n<li>Nous n&#8217;assumons aucune responsabilit\u00e9 quant au contenu des sites web li\u00e9s \u00e0 notre site. Ces liens ne doivent pas \u00eatre interpr\u00e9t\u00e9s comme une approbation de notre part de ces sites web. Nous ne serons pas responsables de toute perte ou de tout dommage qui pourrait r\u00e9sulter de votre utilisation de ces produits.<\/li>\n<li>Vous \u00eates responsable de la confidentialit\u00e9 de votre mot de passe et de vos autres donn\u00e9es de connexion. Nous ne serons pas responsables envers vous de toute perte r\u00e9sultant de votre incapacit\u00e9 \u00e0 garder ces informations confidentielles.<\/li>\n<li>Nous ne sommes pas responsables, ni redevables \u00e0 un tiers, du contenu ou de l&#8217;exactitude de tout contenu publi\u00e9 par vous ou par tout autre utilisateur de notre site.<\/li>\n<\/ul>\n<h3>11. Viruses<\/h3>\n<ul>\n<li>We do not guarantee that our site will be secure or free from bugs or viruses.<\/li>\n<li>Vous \u00eates responsable de la configuration de votre technologie de l&#8217;information, de vos programmes informatiques et de votre plate-forme afin d&#8217;acc\u00e9der \u00e0 notre site. Vous devez utiliser votre propre logiciel de protection contre les virus.<\/li>\n<\/ul>\n<h3>12. Indemnity<\/h3>\n<ul>\n<li>You hereby indemnify us and undertake to keep us indemnified against any losses, damages, costs, liabilities and expenses (including without limitation legal expenses and any amounts paid by us to a third party in settlement of a claim or dispute on the advice of our legal advisers) incurred or suffered by us arising out of any breach by you of any provision of these terms of use, or arising out of any claim that you have breached any provision of these terms of use.<\/li>\n<\/ul>\n<h3>13. Breaches of these terms of use<\/h3>\n<ul>\n<li>Without prejudice to our other rights under these terms of use, if you breach these terms of use in any way, or if we reasonably suspect that you have breached these terms of use in any way, we may:\n<ul>\n<li>send you one or more formal warnings;<\/li>\n<li>temporarily suspend your access to the website;<\/li>\n<li>permanently prohibit you from accessing the website;<\/li>\n<li>block computers using your IP address from accessing the website;<\/li>\n<li>contact your internet services provider and request that they block your access to the website;<\/li>\n<li>bring court proceedings against you for breach of contract or otherwise; and\/or<\/li>\n<li>suspend and\/or delete your account with the website.<\/li>\n<\/ul>\n<\/li>\n<\/ul>\n<h3>14. Variation<\/h3>\n<ul>\n<li>We may revise these terms of use from time-to-time. Les conditions d&#8217;utilisation r\u00e9vis\u00e9es s&#8217;appliqueront \u00e0 l&#8217;utilisation de notre site web \u00e0 compter de la date de publication des conditions d&#8217;utilisation r\u00e9vis\u00e9es sur notre site web. Veuillez consulter r\u00e9guli\u00e8rement cette page pour vous assurer que vous connaissez la version actuelle.<\/li>\n<\/ul>\n<h3>15. Assignment<\/h3>\n<ul>\n<li>We may transfer, sub-contract or otherwise deal with our rights and\/or obligations under these terms of use without notifying you or obtaining your consent.<\/li>\n<li>Vous ne pouvez pas transf\u00e9rer, sous-traiter ou traiter de toute autre mani\u00e8re vos droits et\/ou obligations en vertu des pr\u00e9sentes conditions d&#8217;utilisation.<\/li>\n<\/ul>\n<h3>16. Severability<\/h3>\n<ul>\n<li>If a provision of these terms of use is determined by any court or other competent authority to be unlawful and\/or unenforceable, the other provisions will continue in effect. Dans le cas o\u00f9 une disposition ill\u00e9gale et\/ou inapplicable serait l\u00e9gale ou applicable si une partie de celle-ci \u00e9tait supprim\u00e9e, cette partie sera consid\u00e9r\u00e9e comme supprim\u00e9e et le reste de la disposition restera en vigueur.<\/li>\n<\/ul>\n<h3>17. Exclusion of third party rights<\/h3>\n<ul>\n<li>These terms of use are for the benefit of you and us, and are not intended to benefit any third party or be enforceable by any third party. L&#8217;exercice de nos et de vos droits dans le cadre des pr\u00e9sentes conditions d&#8217;utilisation n&#8217;est pas soumis au consentement d&#8217;un tiers.<\/li>\n<\/ul>\n<h3>18. Entire agreement<\/h3>\n<ul>\n<li>These terms of use, together with our privacy notice, constitute the entire agreement between you and us in relation to your use of our website, and supersede all previous agreements in respect of your use of this website.<\/li>\n<\/ul>\n<h3>19. Law and jurisdiction<\/h3>\n<ul>\n<li>If you are a business, these terms of use will be governed by and construed in accordance with English law, and any disputes relating to these terms of use will be subject to the exclusive jurisdiction of the courts of England and Wales.<\/li>\n<li>Si vous \u00eates un consommateur, veuillez noter que les pr\u00e9sentes conditions d&#8217;utilisation sont r\u00e9gies par le droit anglais. Nous convenons tous deux que les tribunaux d&#8217;Angleterre et du Pays de Galles auront une comp\u00e9tence non exclusive. Si vous \u00eates r\u00e9sident d&#8217;\u00c9cosse, vous pouvez \u00e9galement introduire une proc\u00e9dure en \u00c9cosse.<\/li>\n<\/ul>\n<h3>20. Our trademarks are registered<\/h3>\n<ul>\n<li>We own and use various trade marks registered by or licensed to this company. Vous n&#8217;\u00eates pas autoris\u00e9 \u00e0 les utiliser sans notre accord \u00e9crit.<\/li>\n<\/ul>\n","protected":false},"excerpt":{"rendered":"<p>1. Introduction These terms of use govern your use of our website; by using our website, you accept these terms&#8230;<\/p>\n","protected":false},"author":2,"featured_media":0,"parent":0,"menu_order":0,"comment_status":"closed","ping_status":"closed","template":"","meta":{"_acf_changed":false,"_seopress_robots_primary_cat":"","_seopress_titles_title":"","_seopress_titles_desc":"","_seopress_robots_index":"","footnotes":""},"class_list":["post-832","page","type-page","status-publish","hentry"],"acf":[],"_links":{"self":[{"href":"https:\/\/ninjatestkitchen.eu\/fr\/wp-json\/wp\/v2\/pages\/832","targetHints":{"allow":["GET"]}}],"collection":[{"href":"https:\/\/ninjatestkitchen.eu\/fr\/wp-json\/wp\/v2\/pages"}],"about":[{"href":"https:\/\/ninjatestkitchen.eu\/fr\/wp-json\/wp\/v2\/types\/page"}],"author":[{"embeddable":true,"href":"https:\/\/ninjatestkitchen.eu\/fr\/wp-json\/wp\/v2\/users\/2"}],"replies":[{"embeddable":true,"href":"https:\/\/ninjatestkitchen.eu\/fr\/wp-json\/wp\/v2\/comments?post=832"}],"version-history":[{"count":4,"href":"https:\/\/ninjatestkitchen.eu\/fr\/wp-json\/wp\/v2\/pages\/832\/revisions"}],"predecessor-version":[{"id":6443,"href":"https:\/\/ninjatestkitchen.eu\/fr\/wp-json\/wp\/v2\/pages\/832\/revisions\/6443"}],"wp:attachment":[{"href":"https:\/\/ninjatestkitchen.eu\/fr\/wp-json\/wp\/v2\/media?parent=832"}],"curies":[{"name":"wp","href":"https:\/\/api.w.org\/{rel}","templated":true}]}}