{"id":834,"date":"2020-07-23T21:09:47","date_gmt":"2020-07-23T21:09:47","guid":{"rendered":"https:\/\/cookingcircle.com\/?page_id=834"},"modified":"2022-03-18T12:01:05","modified_gmt":"2022-03-18T11:01:05","slug":"privacy-policy-2","status":"publish","type":"page","link":"https:\/\/ninjatestkitchen.eu\/fr\/privacy-policy-2\/","title":{"rendered":"Politique de confidentialit\u00e9"},"content":{"rendered":"<p>Nous nous engageons \u00e0 prot\u00e9ger la vie priv\u00e9e des visiteurs de notre site Web Le pr\u00e9sent avis de confidentialit\u00e9 d\u00e9finit la mani\u00e8re fairent nous traiterons les fairenn\u00e9es personnelles que nous recueillons \u00e0 votre sujet, que vous naviguiez sur les pages pour en lire le contenu ou que vous nous communiquiez vos recettes et conseils culinaires<\/p>\n<h3>Contact Details<\/h3>\n<p>Aux fins du pr\u00e9sent avis, SharkNinja Europe Ltd, commercialisant sous le nom de &#8220;SharkNinja&#8221;, est le contr\u00f4leur de fairenn\u00e9es des informations que vous nous fournissez<\/p>\n<p>Vous pouvez nous contacter de diff\u00e9rentes mani\u00e8res, notamment par courrier \u00e9lectronique ou postal<\/p>\n<p>Notre adresse postale : 3150 Century Way, Leeds, LS15 8ZB, Royaume-Uni, Royaume-Uni<\/p>\n<p>Our email address:privacy-UK@sharkninja.com<\/p>\n<h3>What personal information faire we collect?<\/h3>\n<p>Par &#8220;informations personnelles&#8221;, nous entenfairens toute information sur un individu \u00e0 partir de laquelle cette personne peut \u00eatre identifi\u00e9e<\/p>\n<ul>\n<li>Lorsque vous visitez notre site web, nous recueillons des fairenn\u00e9es techniques sur votre \u00e9quipement, vos actions et vos habitudes de navigation. Il peut s&#8217;agir de votre protocole Internet (adresse IP), de vos fairenn\u00e9es de connexion, du type et de la version de votre navigateur, du r\u00e9glage du fuseau horaire et de la localisation du pays, des types de plug-in du navigateur, du syst\u00e8me d&#8217;exploitation et de la plate-forme. Nous recueillons ces fairenn\u00e9es personnelles en utilisant des cookies, des journaux de serveur et d&#8217;autres technologies similaires. Nous pouvons \u00e9galement recevoir des fairenn\u00e9es techniques vous concernant si vous visitez d&#8217;autres sites web qui utilisent nos cookies. Veuillez consulter notre avis sur les cookies pour plus de d\u00e9tails.<\/li>\n<li>Si vous cr\u00e9ez un compte, nous recueillerons votre nom et votre adresse \u00e9lectronique. Vous devrez fournir un nom d&#8217;utilisateur et cr\u00e9er un mot de passe, et vous aurez la possibilit\u00e9 de t\u00e9l\u00e9charger une image de profil et d&#8217;\u00e9crire une biographie. <\/li>\n<li>Si vous nous contactez pour exercer vos droits de personne concern\u00e9e conform\u00e9ment au r\u00e8glement g\u00e9n\u00e9ral sur la protection des fairenn\u00e9es (UE) 2016\/679, nous collecterons les informations personnelles que vous fournissez dans votre demande.<\/li>\n<\/ul>\n<p>Si les informations personnelles que nous d\u00e9tenons \u00e0 votre sujet sont incorrectes, veuillez nous en informer<\/p>\n<p>For further information regarding the personal information we collect, please emailprivacy-UK@sharkninja.com<\/p>\n<h3>Recueillons-nous des fairenn\u00e9es personnelles de cat\u00e9gorie sp\u00e9ciale ?<\/h3>\n<p>Nous ne recueillons aucune information personnelle concernant votre race ou votre ethnie, vos croyances religieuses ou philosophiques, votre vie sexuelle, votre orientation sexuelle, vos opinions politiques, votre appartenance syndicale, des informations sur votre sant\u00e9 et des fairenn\u00e9es g\u00e9n\u00e9tiques ou biom\u00e9triques<\/p>\n<p>Si vous partagez des informations personnelles concernant votre sant\u00e9, telles que des allergies, celles-ci ne sont collect\u00e9es que si vous les communiquez volontairement dans des commentaires publics Notre site Web permet aux visiteurs de rechercher des recettes sans gluten, sans noix ou sans produits laitiers et de les enregistrer comme pr\u00e9f\u00e9rences, mais nous ne vous demanderons jamais d&#8217;informations sur votre \u00e9tat de sant\u00e9<\/p>\n<h3>Collectons-nous des informations personnelles concernant les enfants ?<\/h3>\n<p>Notre site web n&#8217;est pas con\u00e7u pour les enfants et nous ne recueillons pas d&#8217;informations personnelles sur les enfants Si nous recueillons involontairement des informations personnelles d&#8217;enfants, nous les supprimerons d\u00e8s que nous en aurons connaissance Nos conditions g\u00e9n\u00e9rales stipulent que les images d&#8217;enfants ne faireivent pas \u00eatre utilis\u00e9es pour les profils<\/p>\n<h4>Pourquoi recueillons-nous des informations personnelles et quelle est notre base juridique pour le faire ?<\/h4>\n<p>Nous n&#8217;utiliserons vos fairenn\u00e9es personnelles que conform\u00e9ment \u00e0 la loi (r\u00e8glement g\u00e9n\u00e9ral sur la protection des fairenn\u00e9es (UE) 2016\/679 et loi sur la protection des fairenn\u00e9es 2018) Nous utiliserons vos fairenn\u00e9es personnelles dans les circonstances suivantes :<\/p>\n<ul>\n<li>Lorsque vous fairennez votre consentement, conform\u00e9ment \u00e0 l&#8217;article 6, paragraphe 1, point a), du r\u00e8glement sur la protection des fairenn\u00e9es. This includes;\n<ul>\n<li>Subscription to receive emails for recipes and inspiration and\/or offers from SharkNinja (opt-in)<\/li>\n<\/ul>\n<\/li>\n<li>Where we need to comply with a legal or regulatory obligation as outlined by Article 6(1)(c) of the GDPR. This includes;\n<ul>\n<li>Recording details of Data Subject Requests received<\/li>\n<li>Notifying you of changes to our Privacy Notice or Terms and Conditions<\/li>\n<li>Ensuring the personal information we hold about you is up to date and accurate<\/li>\n<li>Requests to disclose information to law enforcement or regulatory bodies<\/li>\n<\/ul>\n<\/li>\n<li>Where it is necessary for our legitimate interests (or those of a service provider) as outlined by Article 6(1)(f) of the GDPR. This includes;\n<ul>\n<li>Creating an account to utilise the website features where you can comment and rate recipes, contribute your own recipes and create your own digital cookbook<\/li>\n<li>Monitoring performance of our website<\/li>\n<li>Analysing behaviour patterns of visitors to our website<\/li>\n<li>Inviting you to complete questionnaires to help us with content inspiration<\/li>\n<li>Reviewing social media sites to see what our consumers are saying about us<\/li>\n<\/ul>\n<\/li>\n<\/ul>\n<p>For further information regarding the personal information we collect and our legal reasons for faireing so, please emailprivacy-UK@sharkninja.com<\/p>\n<h3>How long faire we keep your personal information?<\/h3>\n<p>Nous ne conserverons les fairenn\u00e9es personnelles qu&#8217;aussi longtemps que n\u00e9cessaire et que la loi l&#8217;exige ; <\/p>\n<ul>\n<li>For the duration that you have an account with us<\/li>\n<li>Until you update your preferences or opt-out to receiving email communications (recipes and inspiration and\/or offers from SharkNinja) for which you previously provided consent<\/li>\n<\/ul>\n<h3>How faire we share your personal data?<\/h3>\n<p>Nous ne vendrons jamais vos informations personnelles Nous ne partagerons vos fairenn\u00e9es personnelles que comme indiqu\u00e9 ci-dessous ;<\/p>\n<ul>\n<li>Nous partageons vos informations personnelles avec nos fournisseurs de services informatiques, soigneusement s\u00e9lectionn\u00e9s, qui h\u00e9bergent et g\u00e8rent nos syst\u00e8mes, nos applications et le stockage des fairenn\u00e9es. Nous avons mis en place des contrats avec ces fournisseurs qui stipulent qu&#8217;ils ne peuvent rien faire avec vos informations personnelles sans instruction de notre part et qu&#8217;ils ne recevront que les informations personnelles n\u00e9cessaires \u00e0 la r\u00e9alisation de leur service par des m\u00e9thodes s\u00e9curis\u00e9es.<\/li>\n<li>Nous ne partagerons vos informations personnelles avec d&#8217;autres prestataires de services que lorsque nous vous aurons notifi\u00e9 et obtenu votre consentement concernant un changement de finalit\u00e9 de l&#8217;utilisation de vos fairenn\u00e9es personnelles.<\/li>\n<li>Nous partageons les fairenn\u00e9es avec Google Analytics afin de fournir des informations sur la fa\u00e7on fairent nous pouvons am\u00e9liorer les performances de notre site Web et votre exp\u00e9rience de consommateur, comme d\u00e9crit dans l&#8217;avis sur les cookies.<\/li>\n<li>Nous partagerons vos informations personnelles si les autorit\u00e9s charg\u00e9es de l&#8217;application de la loi ou les organismes de r\u00e9glementation l&#8217;exigent.<\/li>\n<li>En cas de vente de la totalit\u00e9 ou de la quasi-totalit\u00e9 de nos activit\u00e9s ou d&#8217;une autre transaction similaire (telle que la vente d&#8217;une division ou d&#8217;une unit\u00e9 commerciale), nous pouvons transf\u00e9rer ou divulguer vos informations personnelles \u00e0 un acheteur ou \u00e0 un acheteur potentiel, qui peut collecter, utiliser et divulguer ces informations dans le but d&#8217;\u00e9valuer et\/ou de r\u00e9aliser une transaction propos\u00e9e ou d&#8217;exploiter et de g\u00e9rer les affaires de l&#8217;entreprise acquise, ou \u00e0 d&#8217;autres fins identifi\u00e9es dans la politique.<\/li>\n<\/ul>\n<p>Please note; our website contains links from our contributors to their influencer\/blogger websites. we are not responsible for maintaining their privacy notices or the cookies that they place on their sites.<\/p>\n<p>For further information regarding how we share your personal information, please emailprivacy-UK@sharkninja.com<\/p>\n<h3>International Transfer of Personal Information<\/h3>\n<p>SharkNinja est une entreprise mondiale Notre si\u00e8ge social se trouve aux \u00c9tats-Unis et nous avons un certain nombre de bureaux situ\u00e9s dans le monde entier Les informations personnelles que nous recueillons peuvent \u00eatre stock\u00e9es, trait\u00e9es et transf\u00e9r\u00e9es entre tous les pays dans lesquels nous op\u00e9rons en raison de nos syst\u00e8mes, processus et proc\u00e9dures mondiaux<\/p>\n<p>Les informations personnelles que vous fournissez peuvent \u00eatre transf\u00e9r\u00e9es vers des pays situ\u00e9s en dehors de l&#8217;Espace \u00e9conomique europ\u00e9en (EEE), notamment le Canada, le Japon et les \u00c9tats-Unis<\/p>\n<p>Pour s&#8217;assurer que nous vous fournissons une protection des fairenn\u00e9es appropri\u00e9e, SharkNinja ;<\/p>\n<ul>\n<li>Has legally binding Data Protection Agreements in place within our group of companies<\/li>\n<li>Requires service providers to either;\n<ul>\n<li>process information in a country which data protection level is deemed \u2018adequate\u2019 by the European Commission under Article 45 of the GDPR (such as Canada and Japan),<\/li>\n<\/ul>\n<ul>\n<li>accept EU Standard Contractual Clauses (as approved by the European Commission under Article 46 (2) of the GDPR) within contracts with us where personal data will be processed outside of the EU\/EEA, or<\/li>\n<\/ul>\n<ul>\n<li>provide evidence of their US\/EU Privacy Shield certification where personal data will be processed in the United States<\/li>\n<\/ul>\n<\/li>\n<\/ul>\n<p>Nous serons heureux de vous fournir, sur demande, de plus amples informations sur les garanties appropri\u00e9es et raisonnables pour maintenir un niveau ad\u00e9quat de protection des fairenn\u00e9es ; les coorfairenn\u00e9es figurent en haut du pr\u00e9sent avis de confidentialit\u00e9<\/p>\n<ul>\n<li>Information on participants in the US\/EU Privacy Shield can be found at;https:\/\/www.privacyshield.gov\/list<\/li>\n<li>Information on EU standard contractual clauses can be found at;https:\/\/eur-lex.europa.eu\/LexUriServ\/LexUriServ.faire?uri=OJ:L:2010:039:0005:0018:DE:PDF<\/li>\n<li>Information on adequacy decisions can be found at;https:\/\/ec.europa.eu\/info\/law\/law-topic\/data-protection\/international-dimension-data-protection\/adequacy-decisions_en#dataprotectionincountriesoutsidetheeu<\/li>\n<\/ul>\n<h3>Security of your personal data<\/h3>\n<p>SharkNinja prendra toutes les mesures techniques et organisationnelles raisonnables pour \u00e9viter la perte, l&#8217;utilisation abusive, l&#8217;acc\u00e8s non autoris\u00e9 ou l&#8217;alt\u00e9ration de vos informations personnelles<\/p>\n<p>Nous limitons l&#8217;acc\u00e8s \u00e0 vos informations personnelles aux personnes qui ont un r\u00e9el besoin professionnel de les conna\u00eetre Les personnes qui traitent vos informations le font uniquement de mani\u00e8re autoris\u00e9e et sont soumises \u00e0 un devoir de confidentialit\u00e9<\/p>\n<p>Les informations que vous soumettez via notre site web sont crypt\u00e9es et nous stockons toutes les informations personnelles \u00e9lectroniques sur des serveurs r\u00e9pondant aux derni\u00e8res normes de s\u00e9curit\u00e9<\/p>\n<p>Bien que nous puissions prendre toutes les pr\u00e9cautions n\u00e9cessaires pour prot\u00e9ger vos informations personnelles, il est important que vous gardiez vos mots de passe, les d\u00e9tails de votre compte et d&#8217;autres informations d&#8217;utilisateur en s\u00e9curit\u00e9 et confidentielles<\/p>\n<p>Nous avons mis en place des proc\u00e9dures pour faire face \u00e0 toute violation pr\u00e9sum\u00e9e de la s\u00e9curit\u00e9 des fairenn\u00e9es Nous vous informerons, ainsi que tout organisme de r\u00e9glementation applicable, d&#8217;une violation pr\u00e9sum\u00e9e de la s\u00e9curit\u00e9 des fairenn\u00e9es lorsque nous sommes l\u00e9galement tenus de le faire<\/p>\n<p>Nous ne vous contacterons JAMAIS pour vous demander de nous fournir votre mot de passe Nous ne vous le demanderons pas non plus si vous nous contactez<\/p>\n<h3>How faire you consent, update your preferences, or opt-out of marketing communications?<\/h3>\n<p>Il existe plusieurs fa\u00e7ons de d\u00e9finir vos pr\u00e9f\u00e9rences en mati\u00e8re de r\u00e9ception de communications commerciales en fonction de ce que vous souhaitez recevoir, y compris aucune communication commerciale<\/p>\n<p>Pour fairenner son accord et accepter de recevoir des communications commerciales ;<\/p>\n<ul>\n<li>You can ask us to keep you updated with competitions and new products by entering your email address in the \u2018Join our Mailing List\u2019 section on our website<\/li>\n<\/ul>\n<ul>\n<li>You can select the marketing communications you want to receive as you purchase a product from us<\/li>\n<li>You can select the marketing communications you want to receive when you register your Guarantee<\/li>\n<\/ul>\n<p>Pour mettre \u00e0 jour vos pr\u00e9f\u00e9rences ou refuser de recevoir des communications commerciales ;<\/p>\n<ul>\n<li>Log into your account on our website and change your Email Preference, or click \u2018Unsubscribe\u2019 to stop receiving all email marketing messages from SharkNinja<\/li>\n<li>Click \u2018Manage Preferences\u2019 or \u2018Unsubscribe\u2019 on the marketing communication email that you received<\/li>\n<\/ul>\n<p>For further information regarding consent and managing marketing preferences, please emailprivacy-UK@sharkninja.com<\/p>\n<h3>Your Data Protection Rights<\/h3>\n<p>Vous avez les droits suivants ;<\/p>\n<ul>\n<li><span style=\"text-decoration: underline;\">Right of access<\/span> -to ask for copies of your personal information.<\/li>\n<li><span style=\"text-decoration: underline;\">Right to rectification<\/span> -to ask for information to be rectified if you think it is inaccurate. Vous avez \u00e9galement le droit de demander que les informations soient compl\u00e9t\u00e9es si vous pensez qu&#8217;elles sont incompl\u00e8tes.<\/li>\n<li><span style=\"text-decoration: underline;\">Right to erasure<\/span> -to ask for your personal information to be deleted (although it may not always be possible to complete this request as we are required to keep personal information for different reasons).<\/li>\n<li><span style=\"text-decoration: underline;\">Right to restriction of processing<\/span> -to ask for the processing of your information to be restricted if you are concerned about the accuracy or how it is being used.<\/li>\n<li><span style=\"text-decoration: underline;\">Right to object to processing<\/span> -to object, on grounds relating to your particular situation, to processing of your personal data on the basis of our legitimate interest if you faire not agree with the purpose and lawful basis for processing in particular you have the right to object to processing of your personal information for direct marketing.<\/li>\n<li><span style=\"text-decoration: underline;\">Right to object to automated decision making<\/span> \u2013 to object to decisions being taken by automated means which produce legal effects concerning you or similarly significantly affect you.<\/li>\n<li><span style=\"text-decoration: underline;\">Right to Data Portability<\/span> -to ask us to transfer your personal data to a third party. Nous vous fournirons, ou fournirons au tiers que vous avez choisi, vos fairenn\u00e9es personnelles dans un format structur\u00e9, couramment utilis\u00e9 et lisible par machine. Veuillez noter que ce droit ne s&#8217;applique qu&#8217;aux informations automatis\u00e9es que vous avez initialement consenties \u00e0 ce que nous utilisions ou lorsque nous avons utilis\u00e9 ces informations pour ex\u00e9cuter un contrat avec vous.<\/li>\n<li><span style=\"text-decoration: underline;\">Right of withdrawal<\/span> &#8211; for any consent given to us (e.g. en ce qui concerne les informations commerciales par courrier \u00e9lectronique), vous pouvez retirer ce consentement \u00e0 tout moment avec effet pour l&#8217;avenir. Dans nos informations par e-mail, nous vous fournissons g\u00e9n\u00e9ralement un lien correspondant dans chacune de nos newsletters. Vous pouvez \u00e9galement nous contacter par tout autre moyen, e.g. en nous envoyant un message par courrier ou par e-mail via l&#8217;un des canaux de contact mentionn\u00e9s sur la premi\u00e8re page du pr\u00e9sent avis de protection des fairenn\u00e9es.<\/li>\n<li><span style=\"text-decoration: underline;\">Right to complain<\/span>\u2013 Notwithstanding the rights described above, in the event that you feel the processing of personal data by SharkNinja relating to you infringes the EU General Data Protection Regulation, you have the right to complain to the responsible supervisory authority in accordance with Article 77 of the GDPR.<\/li>\n<\/ul>\n<p>Pour soumettre une demande de traitement des fairenn\u00e9es personnelles comme indiqu\u00e9 ci-dessus, cliquez ici pour remplir le formulaire en ligne Nous nous efforcerons de traiter votre demande dans un d\u00e9lai d&#8217;un mois civil \u00e0 compter de la confirmation de votre identit\u00e9, mais nous vous tiendrons inform\u00e9 si nous avons besoin d&#8217;un peu plus de temps<\/p>\n<h3>R\u00e9visions de cet avis de confidentialit\u00e9<\/h3>\n<p>Nous r\u00e9visons r\u00e9guli\u00e8rement cet avis de confidentialit\u00e9 pour nous assurer qu&#8217;il est \u00e0 jour, exact et qu&#8217;il refl\u00e8te les derni\u00e8res directives sur la mani\u00e8re de vous communiquer nos obligations en mati\u00e8re de protection des fairenn\u00e9es<\/p>\n<p>Les modifications que nous apportons \u00e0 cet avis de confidentialit\u00e9 seront d\u00e9taill\u00e9es ci-dessous Si nous disposons de votre adresse \u00e9lectronique, nous pourrons vous contacter pour vous informer des changements importants<\/p>\n<p>Avril 2020<\/p>\n<p>Il s&#8217;agit de la premi\u00e8re version publi\u00e9e de l&#8217;avis de confidentialit\u00e9 Elle a \u00e9t\u00e9 r\u00e9dig\u00e9e au moment o\u00f9 nous lan\u00e7ons le site Web pour cr\u00e9er une communaut\u00e9 de cuisiniers et partager des recettes li\u00e9es \u00e0 la marque Ninja<\/p>\n","protected":false},"excerpt":{"rendered":"<p>Nous nous engageons \u00e0 prot\u00e9ger la vie priv\u00e9e des visiteurs de notre site Web Le pr\u00e9sent avis de confidentialit\u00e9 d\u00e9finit&#8230;<\/p>\n","protected":false},"author":2,"featured_media":0,"parent":0,"menu_order":0,"comment_status":"closed","ping_status":"closed","template":"","meta":{"_acf_changed":false,"_seopress_robots_primary_cat":"","_seopress_titles_title":"","_seopress_titles_desc":"","_seopress_robots_index":"","footnotes":""},"class_list":["post-834","page","type-page","status-publish","hentry"],"acf":[],"_links":{"self":[{"href":"https:\/\/ninjatestkitchen.eu\/fr\/wp-json\/wp\/v2\/pages\/834","targetHints":{"allow":["GET"]}}],"collection":[{"href":"https:\/\/ninjatestkitchen.eu\/fr\/wp-json\/wp\/v2\/pages"}],"about":[{"href":"https:\/\/ninjatestkitchen.eu\/fr\/wp-json\/wp\/v2\/types\/page"}],"author":[{"embeddable":true,"href":"https:\/\/ninjatestkitchen.eu\/fr\/wp-json\/wp\/v2\/users\/2"}],"replies":[{"embeddable":true,"href":"https:\/\/ninjatestkitchen.eu\/fr\/wp-json\/wp\/v2\/comments?post=834"}],"version-history":[{"count":15,"href":"https:\/\/ninjatestkitchen.eu\/fr\/wp-json\/wp\/v2\/pages\/834\/revisions"}],"predecessor-version":[{"id":7132,"href":"https:\/\/ninjatestkitchen.eu\/fr\/wp-json\/wp\/v2\/pages\/834\/revisions\/7132"}],"wp:attachment":[{"href":"https:\/\/ninjatestkitchen.eu\/fr\/wp-json\/wp\/v2\/media?parent=834"}],"curies":[{"name":"wp","href":"https:\/\/api.w.org\/{rel}","templated":true}]}}