{"id":848,"date":"2020-07-23T21:22:09","date_gmt":"2020-07-23T21:22:09","guid":{"rendered":"https:\/\/cookingcircle.com\/?page_id=848"},"modified":"2022-03-18T12:01:05","modified_gmt":"2022-03-18T11:01:05","slug":"cookie-notice","status":"publish","type":"page","link":"https:\/\/ninjatestkitchen.eu\/fr\/cookie-notice\/","title":{"rendered":"Avis sur les cookies"},"content":{"rendered":"<p>Nous utilisons des cookies pour personnaliser votre exp\u00e9rience de consommateur \u00e0 travers notre contenu, nos publicit\u00e9s et nos fonctionnalit\u00e9s de m\u00e9dias sociaux Nous utilisons \u00e9galement des cookies pour analyser les performances de notre site web, le trafic et le parcours des consommateurs pour atteindre notre site web<\/p>\n<h2>Your Privacy<\/h2>\n<p>Lorsque vous visitez un site web, celui-ci peut stocker ou r\u00e9cup\u00e9rer des informations sur votre navigateur, le plus souvent sous la forme de cookies Ces informations peuvent porter sur vous, vos pr\u00e9f\u00e9rences ou votre appareil et sont principalement utilis\u00e9es pour que le site fonctionne comme vous l&#8217;attendez En g\u00e9n\u00e9ral, ces informations ne permettent pas de vous identifier directement, mais elles peuvent vous offrir une exp\u00e9rience web plus personnalis\u00e9e<\/p>\n<h2>What are cookies?<\/h2>\n<p>Les cookies sont des fichiers texte contenant de petites quantit\u00e9s d&#8217;informations qui sont plac\u00e9s sur votre ordinateur ou votre appareil mobile par les sites Web que vous visitez Ils sont largement utilis\u00e9s pour que les sites web fonctionnent efficacement et pour fournir des informations utiles aux propri\u00e9taires de sites web Les cookies peuvent suivre vos d\u00e9placements sur un site, m\u00e9moriser vos pr\u00e9f\u00e9rences telles que vos identifiants de compte ou d&#8217;autres fonctions personnalis\u00e9es<\/p>\n<h2>Quels types de cookies utilisons-nous ?<\/h2>\n<h3>First Party Cookies<\/h3>\n<p>Les cookies de premi\u00e8re partie sont cr\u00e9\u00e9s sur le domaine de notre site web pour \u00eatre utilis\u00e9s par SharkNinja Les donn\u00e9es collect\u00e9es par ces cookies sont destin\u00e9es \u00e0 SharkNinja<\/p>\n<h3>Third Party Cookies<\/h3>\n<p>Third party cookies are applied to our website by third-party providers that we work closely with. These cookies are mainly used to display personal advertisements and assist with analysing website behaviour. Information is collected by the third party and shared with SharkNinja. <\/p>\n<h3>Session Cookies<\/h3>\n<p>Les cookies de session sont temporaires et expirent lorsque vous fermez votre navigateur ou si vous \u00eates inactif pendant un certain temps Nous utilisons des cookies de session pour que vous puissiez naviguer sur notre site web et ajouter des articles \u00e0 votre panier sans les perdre Nous les utilisons \u00e9galement pour pr\u00e9venir la fraude et renforcer la s\u00e9curit\u00e9 de notre site web<\/p>\n<h3>Persistent Cookies<\/h3>\n<p>Les cookies persistants resteront stock\u00e9s sur votre ordinateur jusqu&#8217;\u00e0 leur suppression ou jusqu&#8217;\u00e0 ce qu&#8217;ils atteignent une date d&#8217;expiration sp\u00e9cifi\u00e9e Nous utilisons des cookies persistants pour vous reconna\u00eetre \u00e0 chaque fois que vous visitez notre site web et pour m\u00e9moriser les pr\u00e9f\u00e9rences que vous avez d\u00e9finies<\/p>\n<h3>Google Analytics<\/h3>\n<p>Nous utilisons Google Analytics, un service d&#8217;analyse du Web fourni par Google LLC, 1600 Amphitheatre Parkway, Mountain View, CA 94043, USA (&#8220;Google&#8221;), pour am\u00e9liorer continuellement notre site Web et votre exp\u00e9rience client, ce qui constitue un int\u00e9r\u00eat l\u00e9gitime pour nous (art 6 (1) f) du GDPR)<\/p>\n<p>Google Analytics utilise \u00e9galement des cookies, qui sont enregistr\u00e9s sur votre ordinateur, pour aider le site Internet \u00e0 analyser l&#8217;utilisation du site par ses utilisateurs Les informations g\u00e9n\u00e9r\u00e9es par les cookies concernant votre utilisation de ce site Web sont g\u00e9n\u00e9ralement envoy\u00e9es \u00e0 un serveur de Google en Europe (ou dans un \u00c9tat membre de l&#8217;accord sur l&#8217;Espace \u00e9conomique europ\u00e9en) afin de rendre l&#8217;adresse IP anonyme, de sorte qu&#8217;elle ne puisse \u00eatre rattach\u00e9e \u00e0 une personne Ce n&#8217;est qu&#8217;apr\u00e8s l&#8217;anonymisation de l&#8217;adresse IP que l&#8217;adresse IP abr\u00e9g\u00e9e est transmise \u00e0 un serveur de Google aux \u00c9tats-Unis et y est stock\u00e9e Ce n&#8217;est que dans des cas exceptionnels que l&#8217;adresse IP compl\u00e8te est transmise \u00e0 un serveur de Google aux \u00c9tats-Unis et y est raccourcie<\/p>\n<p>Google Analytics est utilis\u00e9 sur ce site Web avec une extension pour la collecte anonyme des adresses IP (ce que l&#8217;on appelle le masquage IP) En notre nom, Google utilisera les informations collect\u00e9es pour \u00e9valuer votre utilisation du site, compiler des rapports sur l&#8217;activit\u00e9 du site et nous fournir d&#8217;autres services en rapport avec l&#8217;activit\u00e9 du site L&#8217;adresse IP transmise par votre navigateur dans le cadre de Google Analytics n&#8217;est pas combin\u00e9e avec d&#8217;autres donn\u00e9es de Google<\/p>\n<p>You can prevent the storage of cookies by setting your browser software accordingly. However, we would like to point out that in this case you may not be able to use all the functions of this website to their full extent. You can also prevent the collection by Google of data generated by the cookie and related to your use of the website (including your IP address) and the processing of such data by Google by downloading and installing the browser plug-in available at the following link:http:\/\/tools.google.com\/dlpage\/gaoptout?hl=en.<\/p>\n<p>An opt-out cookie is set to prevent your data from being collected in the future when you visit this website. You can find further information on data protection at Google Analytics at; http:\/\/www.google.com\/analytics\/terms\/de.htmlhttp:\/\/www.google.com\/intl\/de\/analytics\/privacyoverview.html.<\/p>\n<h2>How do we use cookies?<\/h2>\n<h3>Strictly Necessary Cookies<\/h3>\n<p>Ces cookies sont n\u00e9cessaires au fonctionnement du site web et ne peuvent \u00eatre d\u00e9sactiv\u00e9s dans nos syst\u00e8mes Ils ne sont g\u00e9n\u00e9ralement install\u00e9s qu&#8217;en r\u00e9ponse \u00e0 des actions de votre part qui \u00e9quivalent \u00e0 une demande de services, comme la d\u00e9finition de vos pr\u00e9f\u00e9rences en mati\u00e8re de confidentialit\u00e9, la connexion ou le remplissage de formulaires Vous pouvez configurer votre navigateur pour qu&#8217;il bloque ces cookies ou vous alerte \u00e0 leur sujet, mais certaines parties du site ne fonctionneront pas Ces cookies ne stockent pas d&#8217;informations permettant de vous identifier<\/p>\n<h3>Functional Cookies<\/h3>\n<p>Ces cookies permettent au site web de fournir des fonctionnalit\u00e9s am\u00e9lior\u00e9es et une personnalisation Ils peuvent \u00eatre d\u00e9finis par nous ou par des fournisseurs tiers dont nous avons ajout\u00e9 les services \u00e0 nos pages Si vous n&#8217;autorisez pas ces cookies, certains ou tous ces services peuvent ne pas fonctionner correctement<\/p>\n<h3>Performance Cookies<\/h3>\n<p>Ces cookies nous permettent de compter les visites et les sources de trafic, afin que nous puissions mesurer et am\u00e9liorer les performances de notre site Ils nous aident \u00e0 d\u00e9terminer quelles sont les pages les plus et les moins populaires et \u00e0 voir comment les visiteurs se d\u00e9placent sur le site Toutes les informations recueillies par ces cookies sont agr\u00e9g\u00e9es et anonymes Si vous n&#8217;autorisez pas ces cookies, nous ne saurons pas quand vous avez visit\u00e9 notre site et nous ne serons pas en mesure de contr\u00f4ler ses performances<\/p>\n<h3>Targeting Cookies<\/h3>\n<p>Ces cookies peuvent \u00eatre plac\u00e9s sur notre site par nos partenaires publicitaires Ils peuvent \u00eatre utilis\u00e9s par ces soci\u00e9t\u00e9s pour \u00e9tablir un profil de vos int\u00e9r\u00eats et vous montrer des publicit\u00e9s pertinentes sur d&#8217;autres sites Ils sont bas\u00e9s sur l&#8217;identification unique de votre navigateur et de votre appareil Internet Si vous n&#8217;autorisez pas ces cookies, vous aurez moins de publicit\u00e9 cibl\u00e9e<\/p>\n<h2>How do I change my cookie settings?<\/h2>\n<p>Pour mettre \u00e0 jour vos pr\u00e9f\u00e9rences en mati\u00e8re de cookies sur notre site web, cliquez ici<\/p>\n<p>Most web browsers allow some control of most cookies through the browser settings. To find out more about cookies, visit;http:\/\/www.allaboutcookies.org\/<\/p>\n<h2>Que se passera-t-il si je refuse d&#8217;autoriser les cookies ou si je d\u00e9cide de les supprimer tous ?<\/h2>\n<p>Si vous d\u00e9cidez de rendre tous les cookies &#8220;inactifs&#8221; ou de les supprimer de votre navigateur, vous pourrez toujours utiliser notre site web et obtenir des informations sur nos produits et services Cependant, nous concevons et maintenons notre site web de mani\u00e8re \u00e0 ce qu&#8217;il soit interactif et adapt\u00e9 \u00e0 vos besoins, de sorte que votre exp\u00e9rience d&#8217;utilisateur avec nous peut \u00eatre affect\u00e9e<\/p>\n","protected":false},"excerpt":{"rendered":"<p>Nous utilisons des cookies pour personnaliser votre exp\u00e9rience de consommateur \u00e0 travers notre contenu, nos publicit\u00e9s et nos fonctionnalit\u00e9s de&#8230;<\/p>\n","protected":false},"author":2,"featured_media":0,"parent":0,"menu_order":0,"comment_status":"closed","ping_status":"closed","template":"","meta":{"_acf_changed":false,"_seopress_robots_primary_cat":"","_seopress_titles_title":"","_seopress_titles_desc":"","_seopress_robots_index":"","footnotes":""},"class_list":["post-848","page","type-page","status-publish","hentry"],"acf":[],"_links":{"self":[{"href":"https:\/\/ninjatestkitchen.eu\/fr\/wp-json\/wp\/v2\/pages\/848","targetHints":{"allow":["GET"]}}],"collection":[{"href":"https:\/\/ninjatestkitchen.eu\/fr\/wp-json\/wp\/v2\/pages"}],"about":[{"href":"https:\/\/ninjatestkitchen.eu\/fr\/wp-json\/wp\/v2\/types\/page"}],"author":[{"embeddable":true,"href":"https:\/\/ninjatestkitchen.eu\/fr\/wp-json\/wp\/v2\/users\/2"}],"replies":[{"embeddable":true,"href":"https:\/\/ninjatestkitchen.eu\/fr\/wp-json\/wp\/v2\/comments?post=848"}],"version-history":[{"count":8,"href":"https:\/\/ninjatestkitchen.eu\/fr\/wp-json\/wp\/v2\/pages\/848\/revisions"}],"predecessor-version":[{"id":6432,"href":"https:\/\/ninjatestkitchen.eu\/fr\/wp-json\/wp\/v2\/pages\/848\/revisions\/6432"}],"wp:attachment":[{"href":"https:\/\/ninjatestkitchen.eu\/fr\/wp-json\/wp\/v2\/media?parent=848"}],"curies":[{"name":"wp","href":"https:\/\/api.w.org\/{rel}","templated":true}]}}