{"id":853,"date":"2020-07-23T21:25:44","date_gmt":"2020-07-23T21:25:44","guid":{"rendered":"https:\/\/cookingcircle.com\/?page_id=853"},"modified":"2022-03-18T12:01:05","modified_gmt":"2022-03-18T11:01:05","slug":"terms-of-recipe-use","status":"publish","type":"page","link":"https:\/\/ninjatestkitchen.eu\/fr\/terms-of-recipe-use\/","title":{"rendered":"Conditions d&#8217;utilisation des recettes"},"content":{"rendered":"<h3>Vous devez prendre des pr\u00e9cautions raisonnables, et SharkNinja n&#8217;est pas responsable si vous ne prenez pas les mesures suivantes.<\/h3>\n<p>SharkNinja fournit le site Web Cooking Circle en tant que site social gratuit permettant aux utilisateurs Ninja de partager des recettes et des conseils de cuisine Sauf indication contraire, les recettes, les conseils culinaires et toute autre information ou conseil figurant sur le site Web Cooking Circle n&#8217;ont pas \u00e9t\u00e9 fournis ou test\u00e9s par SharkNinja Bien que nous prenions des mesures raisonnables pour supprimer tout conseil ou recette manifestement d\u00e9fectueux, il vous incombe de prendre les pr\u00e9cautions d&#8217;usage et d&#8217;utiliser votre propre jugement en ce qui concerne les recettes et les conseils culinaires figurant sur le site Web Cela inclut le fait de s&#8217;assurer que les ingr\u00e9dients sont sans danger pour vous et pour toute personne \u00e0 qui vous les servirez, de s&#8217;assurer que les ingr\u00e9dients sont correctement cuits pour garantir la s\u00e9curit\u00e9 alimentaire, de s&#8217;assurer que vous utilisez tous les appareils \u00e9lectriques conform\u00e9ment \u00e0 leur mode d&#8217;emploi et de prendre les pr\u00e9cautions habituelles en cuisine, comme ne pas laisser les appareils \u00e9lectriques sans surveillance lorsqu&#8217;ils fonctionnent et ne pas laisser les enfants ou les animaux entrer en contact avec des \u00e9l\u00e9ments chauds ou lourds SharkNinja n&#8217;est pas responsable de tout dommage que vous ou quelqu&#8217;un d&#8217;autre subit suite \u00e0 l&#8217;\u00e9chec de prendre ces pr\u00e9cautions raisonnables et d&#8217;utiliser votre propre jugement SharkNinja ne garantit pas non plus qu&#8217;une recette donnera le r\u00e9sultat escompt\u00e9, ni que les conseils nutritionnels donn\u00e9s par un utilisateur du site sont corrects<\/p>\n<p>SharkNinja n&#8217;exclut pas ou ne limite pas sa responsabilit\u00e9 en cas de d\u00e9c\u00e8s ou de dommages corporels caus\u00e9s par sa n\u00e9gligence, ou pour toute autre responsabilit\u00e9 qui ne peut \u00eatre l\u00e9galement exclue<\/p>\n","protected":false},"excerpt":{"rendered":"<p>Vous devez prendre des pr\u00e9cautions raisonnables, et SharkNinja n&#8217;est pas responsable si vous ne prenez pas les mesures suivantes. SharkNinja&#8230;<\/p>\n","protected":false},"author":2,"featured_media":0,"parent":0,"menu_order":0,"comment_status":"closed","ping_status":"closed","template":"","meta":{"_acf_changed":false,"_seopress_robots_primary_cat":"","_seopress_titles_title":"","_seopress_titles_desc":"","_seopress_robots_index":"","footnotes":""},"class_list":["post-853","page","type-page","status-publish","hentry"],"acf":[],"_links":{"self":[{"href":"https:\/\/ninjatestkitchen.eu\/fr\/wp-json\/wp\/v2\/pages\/853","targetHints":{"allow":["GET"]}}],"collection":[{"href":"https:\/\/ninjatestkitchen.eu\/fr\/wp-json\/wp\/v2\/pages"}],"about":[{"href":"https:\/\/ninjatestkitchen.eu\/fr\/wp-json\/wp\/v2\/types\/page"}],"author":[{"embeddable":true,"href":"https:\/\/ninjatestkitchen.eu\/fr\/wp-json\/wp\/v2\/users\/2"}],"replies":[{"embeddable":true,"href":"https:\/\/ninjatestkitchen.eu\/fr\/wp-json\/wp\/v2\/comments?post=853"}],"version-history":[{"count":4,"href":"https:\/\/ninjatestkitchen.eu\/fr\/wp-json\/wp\/v2\/pages\/853\/revisions"}],"predecessor-version":[{"id":6442,"href":"https:\/\/ninjatestkitchen.eu\/fr\/wp-json\/wp\/v2\/pages\/853\/revisions\/6442"}],"wp:attachment":[{"href":"https:\/\/ninjatestkitchen.eu\/fr\/wp-json\/wp\/v2\/media?parent=853"}],"curies":[{"name":"wp","href":"https:\/\/api.w.org\/{rel}","templated":true}]}}