{"id":853,"date":"2020-07-23T21:25:44","date_gmt":"2020-07-23T21:25:44","guid":{"rendered":"https:\/\/cookingcircle.com\/?page_id=853"},"modified":"2022-03-18T12:01:01","modified_gmt":"2022-03-18T11:01:01","slug":"terms-of-recipe-use","status":"publish","type":"page","link":"https:\/\/ninjatestkitchen.eu\/it\/terms-of-recipe-use\/","title":{"rendered":"Condizioni di utilizzo delle ricette"},"content":{"rendered":"<h3>Dovete prendere ragionevoli precauzioni, e SharkNinja non \u00e8 responsabile se non.<\/h3>\n<p>SharkNinja fornisce il sito web Cooking Circle come un sito sociale gratuito per gli utenti Ninja per condividere ricette e consigli di cucina Se non specificamente indicato, le ricette, i consigli di cucina e qualsiasi altra informazione o consiglio sul sito Cooking Circle non sono stati forniti o testati da SharkNinja Mentre noi prendiamo misure ragionevoli per rimuovere qualsiasi consiglio o ricetta palesemente difettosa, voi siete responsabili di assicurarvi di prendere le normali precauzioni e di usare il vostro giudizio in relazione alle ricette e ai consigli di cucina che appaiono sul sito Questo include assicurarsi che gli ingredienti siano sicuri per voi e per chiunque a cui li serviate da mangiare, assicurarsi che gli ingredienti siano adeguatamente cotti come necessario per la sicurezza alimentare, assicurarsi di utilizzare tutti gli apparecchi elettrici in conformit\u00e0 con le loro istruzioni operative, e prendere le normali precauzioni in cucina come non lasciare gli apparecchi elettrici incustoditi durante il funzionamento e non permettere ai bambini o agli animali di entrare in contatto con oggetti caldi o pesanti SharkNinja non \u00e8 responsabile per qualsiasi danno che voi o chiunque altro subisca come risultato del non prendere queste precauzioni ragionevoli e usare il vostro giudizio SharkNinja inoltre non garantisce che qualsiasi ricetta raggiunga il risultato desiderato, o che qualsiasi consiglio nutrizionale che qualsiasi utente del sito web possa offrire sia corretto<\/p>\n<p>SharkNinja non esclude o limita la sua responsabilit\u00e0 per qualsiasi morte o lesione personale causata dalla sua negligenza, o per qualsiasi altra responsabilit\u00e0 che non pu\u00f2 essere legalmente esclusa<\/p>\n","protected":false},"excerpt":{"rendered":"<p>Dovete prendere ragionevoli precauzioni, e SharkNinja non \u00e8 responsabile se non. SharkNinja fornisce il sito web Cooking Circle come un&#8230;<\/p>\n","protected":false},"author":2,"featured_media":0,"parent":0,"menu_order":0,"comment_status":"closed","ping_status":"closed","template":"","meta":{"_acf_changed":false,"_seopress_robots_primary_cat":"","_seopress_titles_title":"","_seopress_titles_desc":"","_seopress_robots_index":"","footnotes":""},"class_list":["post-853","page","type-page","status-publish","hentry"],"acf":[],"_links":{"self":[{"href":"https:\/\/ninjatestkitchen.eu\/it\/wp-json\/wp\/v2\/pages\/853","targetHints":{"allow":["GET"]}}],"collection":[{"href":"https:\/\/ninjatestkitchen.eu\/it\/wp-json\/wp\/v2\/pages"}],"about":[{"href":"https:\/\/ninjatestkitchen.eu\/it\/wp-json\/wp\/v2\/types\/page"}],"author":[{"embeddable":true,"href":"https:\/\/ninjatestkitchen.eu\/it\/wp-json\/wp\/v2\/users\/2"}],"replies":[{"embeddable":true,"href":"https:\/\/ninjatestkitchen.eu\/it\/wp-json\/wp\/v2\/comments?post=853"}],"version-history":[{"count":4,"href":"https:\/\/ninjatestkitchen.eu\/it\/wp-json\/wp\/v2\/pages\/853\/revisions"}],"predecessor-version":[{"id":6442,"href":"https:\/\/ninjatestkitchen.eu\/it\/wp-json\/wp\/v2\/pages\/853\/revisions\/6442"}],"wp:attachment":[{"href":"https:\/\/ninjatestkitchen.eu\/it\/wp-json\/wp\/v2\/media?parent=853"}],"curies":[{"name":"wp","href":"https:\/\/api.w.org\/{rel}","templated":true}]}}